{"id":905,"date":"2019-03-01T08:57:05","date_gmt":"2019-03-01T08:57:05","guid":{"rendered":"http:\/\/ficxa.es\/wordpress\/?page_id=905"},"modified":"2021-01-28T11:30:36","modified_gmt":"2021-01-28T11:30:36","slug":"comunicacion-visual-dinamica","status":"publish","type":"page","link":"https:\/\/ficxa.es\/index.php\/comunicacion-visual-dinamica\/","title":{"rendered":"COMUNICACI\u00d3N VISUAL DIN\u00c1MICA"},"content":{"rendered":"\n<p><\/p>\n\n\n<div id=\"pl-gb905-6a0303918c6ca\"  class=\"panel-layout\" ><div id=\"pg-gb905-6a0303918c6ca-0\"  class=\"panel-grid panel-has-style\" ><div class=\"so-parallax siteorigin-panels-stretch panel-row-style panel-row-style-for-gb905-6a0303918c6ca-0\" data-stretch-type=\"full\" ><img width=\"1920\" height=\"600\" src=\"https:\/\/ficxa.es\/wp-content\/uploads\/2019\/05\/Fondo-ficxa-b.jpg\" class=\"attachment-full size-full\" alt=\"\" loading=\"eager\" data-siteorigin-parallax=\"true\" srcset=\"https:\/\/ficxa.es\/wp-content\/uploads\/2019\/05\/Fondo-ficxa-b.jpg 1920w, https:\/\/ficxa.es\/wp-content\/uploads\/2019\/05\/Fondo-ficxa-b-300x94.jpg 300w, https:\/\/ficxa.es\/wp-content\/uploads\/2019\/05\/Fondo-ficxa-b-768x240.jpg 768w, https:\/\/ficxa.es\/wp-content\/uploads\/2019\/05\/Fondo-ficxa-b-1024x320.jpg 1024w\" sizes=\"(max-width: 1920px) 100vw, 1920px\" \/><div id=\"pgc-gb905-6a0303918c6ca-0-0\"  class=\"panel-grid-cell\" ><div id=\"panel-gb905-6a0303918c6ca-0-0-0\" class=\"so-panel widget widget_themegrill_flash_cta tg-widget call-to-action-section panel-first-child panel-last-child\" data-index=\"0\" ><div class=\"panel-widget-style panel-widget-style-for-gb905-6a0303918c6ca-0-0-0\" ><div class=\"cta-wrapper call-to-action-section-layout-1\">\n\t<div class=\"section-title-wrapper\">\n\t\t\t\t<h3 class=\"section-title\">PANTALLAS ELECTR\u00d3NICAS PUBLICITARIAS CON LED<\/h3>\n\t\t\t<\/div>\n\t\t<div class=\"btn-wrapper\">\n\t\t\t\t<a class=\"btn\" href=\"mailto:ficxa@ficxa.es\">\u00bfTe ayudamos en algo? Cont\u00e1ctanos.<\/a>\n\t\t\t\t\t<\/div>\n\t<\/div>\n<\/div><\/div><\/div><\/div><\/div><div id=\"pg-gb905-6a0303918c6ca-1\"  class=\"panel-grid panel-has-style\" ><div id=\"clients\" class=\"panel-row-style panel-row-style-for-gb905-6a0303918c6ca-1\" ><div id=\"pgc-gb905-6a0303918c6ca-1-0\"  class=\"panel-grid-cell\" ><div id=\"panel-gb905-6a0303918c6ca-1-0-0\" class=\"so-panel widget widget_themegrill_flash_heading tg-widget section-title-wrapper panel-first-child panel-last-child\" data-index=\"1\" >\t<h3 class=\"section-title\">comunicaci\u00f3n visual dinamica Led<\/h3>\n\t<div class=\"section-description\">Comunicaci\u00f3n din\u00e1mica con Led, Pantallas electr\u00f3nicas con led publicitarias, Banderolas para estancos, D\u00edgitos para precios de Gasolinera, Cruces de farmacia, Gafas para \u00f3pticas, Cruces para Veterinaria, Aparcamientos, Relojes, Etc.<\/div>\n<\/div><\/div><\/div><\/div><div id=\"pg-gb905-6a0303918c6ca-2\"  class=\"panel-grid panel-no-style\" ><div id=\"pgc-gb905-6a0303918c6ca-2-0\"  class=\"panel-grid-cell\" ><div id=\"panel-gb905-6a0303918c6ca-2-0-0\" class=\"so-panel widget widget_themegrill_flash_team tg-widget tg-single-team panel-first-child panel-last-child\" data-index=\"2\" ><div class=\"tg-team-widget tg-team-layout-2\">\n\t<div class=\"team-wrapper\">\n\t\t\t\t<div class=\"team-img\">\n\t\t\t\t\t\t<img src=\"http:\/\/ficxa.es\/wp-content\/uploads\/2019\/05\/led-parking.jpg\" alt=\"Pantallas Parking\"\/>\n\t\t<\/div>\n\t\t\t\t<div class=\"team-content-wrapper\">\n\t\t\t<div class=\"team-desc-wrapper\">\n\t\t\t\t<h3 class=\"team-title\">Pantallas Parking<\/h3>\n\t\t\t\t<div class=\"team-designation\">Publicidad din\u00e1mica Led<\/div>\n\t\t\t\t<div class=\"team-content\"><\/div>\n\t\t\t\t\t\t\t<\/div>\n\t\t<\/div>\n\t<\/div>\n<\/div>\n<\/div><\/div><div id=\"pgc-gb905-6a0303918c6ca-2-1\"  class=\"panel-grid-cell\" ><div id=\"panel-gb905-6a0303918c6ca-2-1-0\" class=\"so-panel widget widget_themegrill_flash_team tg-widget tg-single-team panel-first-child panel-last-child\" data-index=\"3\" ><div class=\"tg-team-widget tg-team-layout-2\">\n\t<div class=\"team-wrapper\">\n\t\t\t\t<div class=\"team-img\">\n\t\t\t\t\t\t<img src=\"http:\/\/ficxa.es\/wp-content\/uploads\/2019\/05\/led-farmacias.jpg\" alt=\"Pantallas farmacias\"\/>\n\t\t<\/div>\n\t\t\t\t<div class=\"team-content-wrapper\">\n\t\t\t<div class=\"team-desc-wrapper\">\n\t\t\t\t<h3 class=\"team-title\">Pantallas farmacias<\/h3>\n\t\t\t\t<div class=\"team-designation\">Pantalla led din\u00e1mica<\/div>\n\t\t\t\t<div class=\"team-content\"><\/div>\n\t\t\t\t\t\t\t<\/div>\n\t\t<\/div>\n\t<\/div>\n<\/div>\n<\/div><\/div><\/div><div id=\"pg-gb905-6a0303918c6ca-3\"  class=\"panel-grid panel-no-style\" ><div id=\"pgc-gb905-6a0303918c6ca-3-0\"  class=\"panel-grid-cell\" ><div id=\"panel-gb905-6a0303918c6ca-3-0-0\" class=\"so-panel widget widget_themegrill_flash_team tg-widget tg-single-team panel-first-child panel-last-child\" data-index=\"4\" ><div class=\"tg-team-widget tg-team-layout-2\">\n\t<div class=\"team-wrapper\">\n\t\t\t\t<div class=\"team-img\">\n\t\t\t\t\t\t<img src=\"http:\/\/ficxa.es\/wp-content\/uploads\/2019\/05\/led-tabacos.jpg\" alt=\"Tabacos\"\/>\n\t\t<\/div>\n\t\t\t\t<div class=\"team-content-wrapper\">\n\t\t\t<div class=\"team-desc-wrapper\">\n\t\t\t\t<h3 class=\"team-title\">Tabacos<\/h3>\n\t\t\t\t<div class=\"team-designation\">Publicidad din\u00e1mica Led<\/div>\n\t\t\t\t<div class=\"team-content\"><\/div>\n\t\t\t\t\t\t\t<\/div>\n\t\t<\/div>\n\t<\/div>\n<\/div>\n<\/div><\/div><div id=\"pgc-gb905-6a0303918c6ca-3-1\"  class=\"panel-grid-cell\" ><div id=\"panel-gb905-6a0303918c6ca-3-1-0\" class=\"so-panel widget widget_themegrill_flash_team tg-widget tg-single-team panel-first-child panel-last-child\" data-index=\"5\" ><div class=\"tg-team-widget tg-team-layout-2\">\n\t<div class=\"team-wrapper\">\n\t\t\t\t<div class=\"team-img\">\n\t\t\t\t\t\t<img src=\"http:\/\/ficxa.es\/wp-content\/uploads\/2019\/04\/pantallas-led-2.jpg\" alt=\"Monoposte Led\"\/>\n\t\t<\/div>\n\t\t\t\t<div class=\"team-content-wrapper\">\n\t\t\t<div class=\"team-desc-wrapper\">\n\t\t\t\t<h3 class=\"team-title\">Monoposte Led<\/h3>\n\t\t\t\t<div class=\"team-designation\">Pantalla led<\/div>\n\t\t\t\t<div class=\"team-content\"><\/div>\n\t\t\t\t\t\t\t<\/div>\n\t\t<\/div>\n\t<\/div>\n<\/div>\n<\/div><\/div><\/div><div id=\"pg-gb905-6a0303918c6ca-4\"  class=\"panel-grid panel-no-style\" ><div id=\"pgc-gb905-6a0303918c6ca-4-0\"  class=\"panel-grid-cell\" ><div id=\"panel-gb905-6a0303918c6ca-4-0-0\" class=\"so-panel widget widget_themegrill_flash_team tg-widget tg-single-team panel-first-child panel-last-child\" data-index=\"6\" ><div class=\"tg-team-widget tg-team-layout-2\">\n\t<div class=\"team-wrapper\">\n\t\t\t\t<div class=\"team-img\">\n\t\t\t\t\t\t<img src=\"http:\/\/ficxa.es\/wp-content\/uploads\/2019\/05\/led-veterinarios.jpg\" alt=\"Pantallas veterinario\"\/>\n\t\t<\/div>\n\t\t\t\t<div class=\"team-content-wrapper\">\n\t\t\t<div class=\"team-desc-wrapper\">\n\t\t\t\t<h3 class=\"team-title\">Pantallas veterinario<\/h3>\n\t\t\t\t<div class=\"team-designation\">Publicidad din\u00e1mica Led<\/div>\n\t\t\t\t<div class=\"team-content\"><\/div>\n\t\t\t\t\t\t\t<\/div>\n\t\t<\/div>\n\t<\/div>\n<\/div>\n<\/div><\/div><div id=\"pgc-gb905-6a0303918c6ca-4-1\"  class=\"panel-grid-cell\" ><div id=\"panel-gb905-6a0303918c6ca-4-1-0\" class=\"so-panel widget widget_themegrill_flash_team tg-widget tg-single-team panel-first-child panel-last-child\" data-index=\"7\" ><div class=\"tg-team-widget tg-team-layout-2\">\n\t<div class=\"team-wrapper\">\n\t\t\t\t<div class=\"team-img\">\n\t\t\t\t\t\t<img src=\"http:\/\/ficxa.es\/wp-content\/uploads\/2019\/05\/led-optica.jpg\" alt=\"Pantallas \u00f3pticas\"\/>\n\t\t<\/div>\n\t\t\t\t<div class=\"team-content-wrapper\">\n\t\t\t<div class=\"team-desc-wrapper\">\n\t\t\t\t<h3 class=\"team-title\">Pantallas \u00f3pticas<\/h3>\n\t\t\t\t<div class=\"team-designation\">Pantalla led din\u00e1mica<\/div>\n\t\t\t\t<div class=\"team-content\"><\/div>\n\t\t\t\t\t\t\t<\/div>\n\t\t<\/div>\n\t<\/div>\n<\/div>\n<\/div><\/div><\/div><div id=\"pg-gb905-6a0303918c6ca-5\"  class=\"panel-grid panel-no-style\" ><div id=\"pgc-gb905-6a0303918c6ca-5-0\"  class=\"panel-grid-cell\" ><div id=\"panel-gb905-6a0303918c6ca-5-0-0\" class=\"so-panel widget widget_themegrill_flash_team tg-widget tg-single-team panel-first-child panel-last-child\" data-index=\"8\" ><div class=\"tg-team-widget tg-team-layout-2\">\n\t<div class=\"team-wrapper\">\n\t\t\t\t<div class=\"team-img\">\n\t\t\t\t\t\t<img src=\"http:\/\/ficxa.es\/wp-content\/uploads\/2019\/05\/led-comerciales.jpg\" alt=\"Pantallas comerciales\"\/>\n\t\t<\/div>\n\t\t\t\t<div class=\"team-content-wrapper\">\n\t\t\t<div class=\"team-desc-wrapper\">\n\t\t\t\t<h3 class=\"team-title\">Pantallas comerciales<\/h3>\n\t\t\t\t<div class=\"team-designation\">Publicidad din\u00e1mica Led<\/div>\n\t\t\t\t<div class=\"team-content\"><\/div>\n\t\t\t\t\t\t\t<\/div>\n\t\t<\/div>\n\t<\/div>\n<\/div>\n<\/div><\/div><div id=\"pgc-gb905-6a0303918c6ca-5-1\"  class=\"panel-grid-cell\" ><div id=\"panel-gb905-6a0303918c6ca-5-1-0\" class=\"so-panel widget widget_themegrill_flash_team tg-widget tg-single-team panel-first-child panel-last-child\" data-index=\"9\" ><div class=\"tg-team-widget tg-team-layout-2\">\n\t<div class=\"team-wrapper\">\n\t\t\t\t<div class=\"team-img\">\n\t\t\t\t\t\t<img src=\"http:\/\/ficxa.es\/wp-content\/uploads\/2019\/04\/pantallas-led-gigantes.jpg\" alt=\"Pantallas gigantes\"\/>\n\t\t<\/div>\n\t\t\t\t<div class=\"team-content-wrapper\">\n\t\t\t<div class=\"team-desc-wrapper\">\n\t\t\t\t<h3 class=\"team-title\">Pantallas gigantes<\/h3>\n\t\t\t\t<div class=\"team-designation\">Pantalla led din\u00e1mica<\/div>\n\t\t\t\t<div class=\"team-content\"><\/div>\n\t\t\t\t\t\t\t<\/div>\n\t\t<\/div>\n\t<\/div>\n<\/div>\n<\/div><\/div><\/div><div id=\"pg-gb905-6a0303918c6ca-6\"  class=\"panel-grid panel-no-style\" ><div id=\"pgc-gb905-6a0303918c6ca-6-0\"  class=\"panel-grid-cell panel-grid-cell-empty\" ><\/div><\/div><\/div>","protected":false},"excerpt":{"rendered":"","protected":false},"author":1,"featured_media":0,"parent":0,"menu_order":0,"comment_status":"closed","ping_status":"closed","template":"page-templates\/full-width.php","meta":{"sfsi_plus_gutenberg_text_before_share":"","sfsi_plus_gutenberg_show_text_before_share":"","sfsi_plus_gutenberg_icon_type":"","sfsi_plus_gutenberg_icon_alignemt":"","sfsi_plus_gutenburg_max_per_row":""},"_links":{"self":[{"href":"https:\/\/ficxa.es\/index.php\/wp-json\/wp\/v2\/pages\/905"}],"collection":[{"href":"https:\/\/ficxa.es\/index.php\/wp-json\/wp\/v2\/pages"}],"about":[{"href":"https:\/\/ficxa.es\/index.php\/wp-json\/wp\/v2\/types\/page"}],"author":[{"embeddable":true,"href":"https:\/\/ficxa.es\/index.php\/wp-json\/wp\/v2\/users\/1"}],"replies":[{"embeddable":true,"href":"https:\/\/ficxa.es\/index.php\/wp-json\/wp\/v2\/comments?post=905"}],"version-history":[{"count":26,"href":"https:\/\/ficxa.es\/index.php\/wp-json\/wp\/v2\/pages\/905\/revisions"}],"predecessor-version":[{"id":2925,"href":"https:\/\/ficxa.es\/index.php\/wp-json\/wp\/v2\/pages\/905\/revisions\/2925"}],"wp:attachment":[{"href":"https:\/\/ficxa.es\/index.php\/wp-json\/wp\/v2\/media?parent=905"}],"curies":[{"name":"wp","href":"https:\/\/api.w.org\/{rel}","templated":true}]}}