{"id":854,"date":"2019-02-28T10:57:11","date_gmt":"2019-02-28T10:57:11","guid":{"rendered":"http:\/\/ficxa.es\/wordpress\/?page_id=854"},"modified":"2021-01-28T08:50:29","modified_gmt":"2021-01-28T08:50:29","slug":"bienvenido-a-ficxa","status":"publish","type":"page","link":"https:\/\/ficxa.es\/index.php\/bienvenido-a-ficxa\/","title":{"rendered":"Bienvenido a Ficxa"},"content":{"rendered":"<div id=\"pl-854\"  class=\"panel-layout\" ><div id=\"pg-854-0\"  class=\"panel-grid panel-has-style\" ><div class=\"so-parallax siteorigin-panels-stretch panel-row-style panel-row-style-for-854-0\" data-stretch-type=\"full\" ><img width=\"1920\" height=\"600\" src=\"https:\/\/ficxa.es\/wp-content\/uploads\/2019\/05\/Fondo-ficxa-b.jpg\" class=\"attachment-full size-full\" alt=\"\" loading=\"eager\" data-siteorigin-parallax=\"true\" srcset=\"https:\/\/ficxa.es\/wp-content\/uploads\/2019\/05\/Fondo-ficxa-b.jpg 1920w, https:\/\/ficxa.es\/wp-content\/uploads\/2019\/05\/Fondo-ficxa-b-300x94.jpg 300w, https:\/\/ficxa.es\/wp-content\/uploads\/2019\/05\/Fondo-ficxa-b-768x240.jpg 768w, https:\/\/ficxa.es\/wp-content\/uploads\/2019\/05\/Fondo-ficxa-b-1024x320.jpg 1024w\" sizes=\"(max-width: 1920px) 100vw, 1920px\" \/><div id=\"pgc-854-0-0\"  class=\"panel-grid-cell\" ><div id=\"panel-854-0-0-0\" class=\"so-panel widget widget_themegrill_flash_cta tg-widget call-to-action-section panel-first-child panel-last-child\" data-index=\"0\" ><div class=\"panel-widget-style panel-widget-style-for-854-0-0-0\" ><div class=\"cta-wrapper call-to-action-section-layout-1\">\n\t<div class=\"section-title-wrapper\">\n\t\t\t\t<h3 class=\"section-title\">ROTULACI\u00d3N E IMPRESI\u00d3N DE GRAN FORMATO, TRABAJAMOS D\u00cdA A D\u00cdA POR OFRECER LAS MEJORES SOLUCIONES EN COMUNICACI\u00d3N VISUAL<\/h3>\n\t\t\t\t<h4 class=\"section-subtitle\">En la actualidad FICXA cuenta con dos centros de trabajo y m\u00e1s de 1.000 metros cuadrados dotados con m\u00e1quinas de \u00faltima generaci\u00f3n, donde destaca nuestro CNC y la impresi\u00f3n de gran formato de 5 metros.<\/h4>\n\t\t\t<\/div>\n\t\t<div class=\"btn-wrapper\">\n\t\t\t\t<a class=\"btn\" href=\"mailto:ficxa@ficxa.es\">\u00bfTe ayudamos en algo? Cont\u00e1ctanos.<\/a>\n\t\t\t\t\t<\/div>\n\t<\/div>\n<\/div><\/div><\/div><\/div><\/div><div id=\"pg-854-1\"  class=\"panel-grid panel-has-style\" ><div id=\"clients\" class=\"panel-row-style panel-row-style-for-854-1\" ><div id=\"pgc-854-1-0\"  class=\"panel-grid-cell\" ><div id=\"panel-854-1-0-0\" class=\"so-panel widget widget_themegrill_flash_heading tg-widget section-title-wrapper panel-first-child panel-last-child\" data-index=\"1\" >\t<h3 class=\"section-title\">BIENVENIDO A FICXA<\/h3>\n\t<div class=\"section-description\">DESCUBRE TODO LO QUE PODEMOS HACER POR TI<\/div>\n<\/div><\/div><\/div><\/div><div id=\"pg-854-2\"  class=\"panel-grid panel-no-style\" ><div id=\"pgc-854-2-0\"  class=\"panel-grid-cell\" ><div id=\"panel-854-2-0-0\" class=\"so-panel widget widget_text panel-first-child panel-last-child\" data-index=\"2\" >\t\t\t<div class=\"textwidget\"><p><img loading=\"lazy\" class=\"size-full wp-image-1547 alignnone\" src=\"http:\/\/ficxa.es\/wp-content\/uploads\/2019\/04\/ficxa-ok.png\" alt=\"\" width=\"171\" height=\"41\" \/><\/p>\n<p><strong>Ficxa es un equipo de profesionales experimentado, joven y din\u00e1mico, con m\u00e1s de 15 a\u00f1os de experiencia.<\/strong><\/p>\n<p><strong>Nos preocupamos de ofrecer la soluci\u00f3n \u00f3ptima para cada proyecto y conceptualizamos, desarrollamos, fabricamos e implementamos todo tipo de trabajo del \u00e1mbito de la comunicaci\u00f3n visual, ofreciendo siempre un servicio post-venta que garantice la tranquilidad del profesional.<\/strong><\/p>\n<p><strong>Como especialistas en comunicaci\u00f3n visual, nos adaptamos a las necesidades de tu negocio y a tu presupuesto para ofrecerte un producto de calidad garantizada.<\/strong><\/p>\n<p><strong>Estudios de arquitectura, dise\u00f1o e interiorismo junto con los Directores de Marketing y Comunicaci\u00f3n, forman el grueso de nuestros clientes, haciendo realidad lo que ellos imaginan y dise\u00f1an.<\/strong><\/p>\n<p><strong>Contamos con\u00a0f\u00e1brica propia y un equipo de I+D\u00a0que aporta\u00a0un elevado nivel de calidad<span class=\"Apple-converted-space\">\u00a0 <\/span>en toda la cadena de valor:\u00a0producci\u00f3n, fabricaci\u00f3n, pre-impresi\u00f3n, impresi\u00f3n e implementaci\u00f3n.<\/strong><\/p>\n<p><strong>Orientados al cliente buscamos conseguir el resultado que est\u00e1s esperando para tu negocio o proyecto. Realizamos todo tipo de montajes y trabajos en toda Espa\u00f1a.<\/strong><\/p>\n<\/div>\n\t\t<\/div><\/div><div id=\"pgc-854-2-1\"  class=\"panel-grid-cell\" ><div id=\"panel-854-2-1-0\" class=\"so-panel widget widget_themegrill_flash_image tg-widget tg-image-widget panel-first-child\" data-index=\"3\" >\t<a href=\"http:\/\/ficxa.es\/wp-content\/uploads\/2019\/02\/meta-arco_ficxa.jpg\"><img src=\"http:\/\/ficxa.es\/wp-content\/uploads\/2019\/02\/meta-arco_ficxa-1.jpg\" \/><\/a>\n<\/div><div id=\"panel-854-2-1-1\" class=\"so-panel widget widget_themegrill_flash_image tg-widget tg-image-widget panel-last-child\" data-index=\"4\" >\t<a href=\"http:\/\/ficxa.es\/wp-content\/uploads\/2019\/02\/meta-arco_ficxa.jpg\"><img src=\"http:\/\/ficxa.es\/wp-content\/uploads\/2019\/03\/impresion-maquina_00.jpg\" \/><\/a>\n<\/div><\/div><\/div><div id=\"pg-854-3\"  class=\"panel-grid panel-no-style\" ><div id=\"pgc-854-3-0\"  class=\"panel-grid-cell\" ><div id=\"panel-854-3-0-0\" class=\"so-panel widget widget_text panel-first-child panel-last-child\" data-index=\"5\" ><h3 class=\"widget-title\">\u00bfPORQU\u00c9 CONFIAR EN FICXA?<\/h3>\t\t\t<div class=\"textwidget\"><h1>Porque\u2026<\/h1>\n<hr \/>\n<h4><\/h4>\n<h3>1.- Personal altamente cualificado.<\/h3>\n<p>Este es nuestro m\u00e1ximo valor diferenciador, todos y cada uno de los componentes de Ficxa<span class=\"Apple-converted-space\">\u00a0 <\/span>est\u00e1n orientados al cliente y a satisfacer sus necesidades, es por ello que la formaci\u00f3n continua es uno de nuestros pilares de crecimiento.<\/p>\n<h3>2.- Tecnolog\u00eda a la vanguardia.<\/h3>\n<p>FICXA\u00a0es la referencia en el sector de la impresi\u00f3n digital de gran formato, gracias a su gran capacidad de respuesta y a la espectacularidad de sus proyectos.<\/p>\n<p>Imprimimos sobre una amplia gama de materiales de gran resistencia y versatilidad, que han sido estudiados con gran detenimiento. De esta forma, controlamos todas las fases del proceso, garantizando la rentabilidad, impacto y eficacia de cada proyecto.<\/p>\n<h3>3.- Primeras calidades en los materiales<\/h3>\n<p>\u00danicamente utilizamos materiales de alta calidad que garantizan la mejor durabilidad y acabados del mercado.<\/p>\n<h3>4.- Amplia cobertura<\/h3>\n<p>Realizamos la instalaci\u00f3n en cualquier localizaci\u00f3n de \u00e1mbito nacional con nuestro personal de f\u00e1brica siguiendo los criterios de calidad y profesionalidad.<\/p>\n<h3>5.- Seguridad<\/h3>\n<p>Ficxa dispone de un seguro de responsabilidad civil<span class=\"Apple-converted-space\">\u00a0 <\/span>y de instalaci\u00f3n para todos sus trabajos.<\/p>\n<h3>6.- Respuesta r\u00e1pida, eficaz y profesional.<span class=\"Apple-converted-space\">\u00a0<\/span><\/h3>\n<p>Nuestro compromiso consiste en realizarle su proyecto en tiempo y forma, respetando siempre los plazos marcados.<\/p>\n<\/div>\n\t\t<\/div><\/div><div id=\"pgc-854-3-1\"  class=\"panel-grid-cell\" ><div id=\"panel-854-3-1-0\" class=\"so-panel widget widget_themegrill_flash_image tg-widget tg-image-widget panel-first-child panel-last-child\" data-index=\"6\" >\t<a href=\"http:\/\/ficxa.es\/wp-content\/uploads\/2019\/02\/meta-arco_ficxa.jpg\"><img src=\"http:\/\/ficxa.es\/wp-content\/uploads\/2016\/10\/ferias.jpg\" \/><\/a>\n<\/div><\/div><\/div><div id=\"pg-854-4\"  class=\"panel-grid panel-has-style\" ><div class=\"so-parallax siteorigin-panels-stretch panel-row-style panel-row-style-for-854-4\" data-stretch-type=\"full\" ><img width=\"1920\" height=\"1000\" src=\"https:\/\/ficxa.es\/wp-content\/uploads\/2019\/03\/ficxa-porta-equipo-7.jpg\" class=\"attachment-full size-full\" alt=\"\" loading=\"eager\" data-siteorigin-parallax=\"true\" srcset=\"https:\/\/ficxa.es\/wp-content\/uploads\/2019\/03\/ficxa-porta-equipo-7.jpg 1920w, https:\/\/ficxa.es\/wp-content\/uploads\/2019\/03\/ficxa-porta-equipo-7-300x156.jpg 300w, https:\/\/ficxa.es\/wp-content\/uploads\/2019\/03\/ficxa-porta-equipo-7-768x400.jpg 768w, https:\/\/ficxa.es\/wp-content\/uploads\/2019\/03\/ficxa-porta-equipo-7-1024x533.jpg 1024w\" sizes=\"(max-width: 1920px) 100vw, 1920px\" \/><div id=\"pgc-854-4-0\"  class=\"panel-grid-cell\" ><div id=\"panel-854-4-0-0\" class=\"so-panel widget widget_themegrill_flash_cta tg-widget call-to-action-section panel-first-child panel-last-child\" data-index=\"7\" ><div class=\"panel-widget-style panel-widget-style-for-854-4-0-0\" ><div class=\"cta-wrapper call-to-action-section-layout-1\">\n\t<div class=\"section-title-wrapper\">\n\t\t\t\t<h3 class=\"section-title\">EL equipo Ficxa<\/h3>\n\t\t\t\t<h4 class=\"section-subtitle\">Algunas im\u00e1genes de c\u00f3mo trabajamos<\/h4>\n\t\t\t<\/div>\n\t\t<div class=\"btn-wrapper\">\n\t\t\t\t<a class=\"btn\" href=\"http:\/\/ficxa.es\/wordpress\/index.php\/equipo-ficxa\/\">Mira nuestro equipo en plena acci\u00f3n<\/a>\n\t\t\t\t\t<\/div>\n\t<\/div>\n<\/div><\/div><\/div><\/div><\/div><div id=\"pg-854-5\"  class=\"panel-grid panel-no-style\" ><div id=\"pgc-854-5-0\"  class=\"panel-grid-cell\" ><div id=\"panel-854-5-0-0\" class=\"so-panel widget widget_text panel-first-child panel-last-child\" data-index=\"8\" >\t\t\t<div class=\"textwidget\"><\/div>\n\t\t<\/div><\/div><\/div><\/div>","protected":false},"excerpt":{"rendered":"<p>ROTULACI\u00d3N E IMPRESI\u00d3N DE GRAN FORMATO, TRABAJAMOS D\u00cdA A D\u00cdA POR OFRECER LAS MEJORES SOLUCIONES EN COMUNICACI\u00d3N VISUAL En la [&hellip;]<\/p>\n","protected":false},"author":1,"featured_media":0,"parent":0,"menu_order":0,"comment_status":"closed","ping_status":"closed","template":"page-templates\/full-width.php","meta":{"sfsi_plus_gutenberg_text_before_share":"","sfsi_plus_gutenberg_show_text_before_share":"","sfsi_plus_gutenberg_icon_type":"","sfsi_plus_gutenberg_icon_alignemt":"","sfsi_plus_gutenburg_max_per_row":""},"_links":{"self":[{"href":"https:\/\/ficxa.es\/index.php\/wp-json\/wp\/v2\/pages\/854"}],"collection":[{"href":"https:\/\/ficxa.es\/index.php\/wp-json\/wp\/v2\/pages"}],"about":[{"href":"https:\/\/ficxa.es\/index.php\/wp-json\/wp\/v2\/types\/page"}],"author":[{"embeddable":true,"href":"https:\/\/ficxa.es\/index.php\/wp-json\/wp\/v2\/users\/1"}],"replies":[{"embeddable":true,"href":"https:\/\/ficxa.es\/index.php\/wp-json\/wp\/v2\/comments?post=854"}],"version-history":[{"count":94,"href":"https:\/\/ficxa.es\/index.php\/wp-json\/wp\/v2\/pages\/854\/revisions"}],"predecessor-version":[{"id":2878,"href":"https:\/\/ficxa.es\/index.php\/wp-json\/wp\/v2\/pages\/854\/revisions\/2878"}],"wp:attachment":[{"href":"https:\/\/ficxa.es\/index.php\/wp-json\/wp\/v2\/media?parent=854"}],"curies":[{"name":"wp","href":"https:\/\/api.w.org\/{rel}","templated":true}]}}