{"id":670,"date":"2019-02-20T17:57:28","date_gmt":"2019-02-20T17:57:28","guid":{"rendered":"http:\/\/ficxa.es\/wordpress\/?page_id=670"},"modified":"2019-03-04T10:40:43","modified_gmt":"2019-03-04T10:40:43","slug":"aviso-legal","status":"publish","type":"page","link":"https:\/\/ficxa.es\/index.php\/aviso-legal\/","title":{"rendered":"AVISO LEGAL"},"content":{"rendered":"<h3 class=\"page-title\"><span style=\"font-size: 1.6em;\">Aviso legal<\/span><\/h3>\n<div class=\"page-content\">\n<p class=\"p2\"><span class=\"s1\">FICXA FUSI\u00d3N S.A. con\u00a0<\/span>CIF A98455777<span class=\"s1\">, y domicilio en Pol\u00edgono Industrial, N\u00ba 1 C\/. Tintorers, 2 \u2013 Esquina\u00a0C\/. Flequers, 8 &#8211;\u00a046600 ALZIRA (Valencia)\u00a0es propietario de nombre de dominio y p\u00e1ginas en Internet a las que se accede desde la direcci\u00f3n http:\/\/www.ficxa.es<\/span><\/p>\n<h4 class=\"p3\"><span class=\"s1\">Datos de contacto<\/span><\/h4>\n<p>Pol\u00edgono Industrial, N\u00ba 1<br \/>\nC\/. Tintorers, 2 \u2013 Esquina\u00a0C\/. Flequers, 8<br \/>\n46600 ALZIRA (Valencia)<\/p>\n<p><strong>Tel.: 96 201 51 18<br \/>\nFax: 96 201 40 56\u00a0<\/strong><\/p>\n<p><strong>Email:<\/strong><br \/>\nInformaci\u00f3n: \u00a0<a href=\"mailto:ficxa@ficxa.es\">ficxa@ficxa.es<\/a><\/p>\n<h4 class=\"p3\"><span class=\"s1\">Propiedad Intelectual e Industrial<\/span><\/h4>\n<p class=\"p2\"><span class=\"s1\">La totalidad de este web site: texto, im\u00e1genes, marcas comerciales, logotipos, archivos de audio y video, botones, archivos de software, combinaciones de colores, as\u00ed como la estructura, selecci\u00f3n, ordenaci\u00f3n y presentaci\u00f3n de sus contenidos, se encuentra protegida por las leyes espa\u00f1olas e internacionales sobre propiedad Intelectual e Industrial. Asimismo, y sin perjuicio de lo anteriormente citado, el contenido de este web site tambi\u00e9n tiene la consideraci\u00f3n de programa de ordenador y le es de aplicaci\u00f3n toda la normativa espa\u00f1ola y comunitaria europea vigente sobre la materia. Queda expresamente prohibida la reproducci\u00f3n total o parcial de este web site ni de cualquiera de sus contenidos sin el permiso expreso y por escrito de FICXA FUSI\u00d3N S.A.<\/span><\/p>\n<p class=\"p1\"><span class=\"s1\">El presente aviso legal recoge las condiciones generales que rigen el acceso y el uso del sitio web <span class=\"s2\"><a href=\"http:\/\/www.ficxa.es\/\">www.ficxa.es<\/a><\/span>, del que es titular el FICXA FUSI\u00d3N S.A. \u00a0sociedad inscrita en el Registro Mercantil\u00a0<\/span>CIF A98455777 con domicilio en Pol\u00edgono Industrial, N\u00ba 1 C\/. Tintorers, 2 \u2013 Esquina\u00a0C\/. Flequers, 8 &#8211;\u00a046600 ALZIRA (Valencia),\u00a0<span class=\"s2\"><a href=\"http:\/\/www.ficxa.es\/\">www.ficxa.es<\/a>\u00a0<\/span>y E-mail: \u00a0<a href=\"mailto:ficxa@ficxa.es\"><span class=\"s2\">ficxa@ficxa.es<\/span><\/a><\/p>\n<p class=\"p1\"><span class=\"s1\">El acceso y uso del sitio web implica la expresa y plena aceptaci\u00f3n de estas condiciones generales en la versi\u00f3n publicada en el momento en que el usuario acceda al mismo, sin perjuicio de las condiciones particulares que pudieran aplicarse en algunos de los servicios concretos del sitio web.<\/span><\/p>\n<p class=\"p1\"><span class=\"s1\">El usuario acepta que el acceso al presente sitio web y de los contenidos incluidos en el mismo tiene lugar libre y conscientemente, bajo su exclusiva responsabilidad.<\/span><\/p>\n<p class=\"p1\"><span class=\"s1\">Los usuarios acceden al sitio web de forma libre y gratuita, si bien FICXA FUSI\u00d3N S.A.. se reserva el derecho de limitar su acceso para determinados contenidos o servicios, exigiendo el registro de sus datos previamente al acceso.<\/span><\/p>\n<p class=\"p1\"><span class=\"s1\">FICXA FUSI\u00d3N S.A. se reserva el derecho a modificar en cualquier momento la presentaci\u00f3n, configuraci\u00f3n y localizaci\u00f3n del sitio web, as\u00ed como los contenidos, servicios y las condiciones requeridas para utilizar los mismos cuando lo considere oportuno o con la finalidad de adecuarse a los cambios legislativos y tecnol\u00f3gicos futuros. Estas modificaciones ser\u00e1n v\u00e1lidas desde su publicaci\u00f3n en el sitio web.<\/span><\/p>\n<p class=\"p1\"><span class=\"s1\">FICXA FUSI\u00d3N S.A. se reserva el derecho a interrumpir el acceso al presente sitio web en cualquier momento y sin previo aviso, ya sea por motivos t\u00e9cnicos, de seguridad, de control, de mantenimiento, por fallos de suministro el\u00e9ctrico, o por cualquier otra causa. Dicha interrupci\u00f3n podr\u00e1 tener car\u00e1cter temporal o definitivo, en cuyo caso se comunicar\u00e1 tal circunstancia a los usuarios, quienes podr\u00e1n sufrir la p\u00e9rdida, en su caso, de la informaci\u00f3n almacenada en los distintos servicios, sin dar lugar a indemnizaci\u00f3n alguna.<\/span><\/p>\n<h4 class=\"p1\"><span class=\"s1\">AVISO DE COPYRIGHT<\/span><\/h4>\n<p class=\"p1\"><span class=\"s1\">FICXA FUSI\u00d3N S.A. ostenta la titularidad del presente sitio web. Todos los derechos de propiedad industrial e intelectual sobre este sitio de Internet est\u00e1n legalmente reservados, por lo que el acceso al mismo o su utilizaci\u00f3n, por parte del usuario, no debe considerarse, en forma alguna, como el otorgamiento de ninguna licencia de uso o derecho sobre cualquier activo.<\/span><\/p>\n<p class=\"p1\"><span class=\"s1\">Los usuarios del sitio web \u00fanicamente podr\u00e1n realizar un uso privado, personal o profesional de los contenidos de \u00e9ste. Est\u00e1 absolutamente prohibido, el uso del sitio web o de alguno de sus elementos con fines comerciales o il\u00edcitos.<\/span><\/p>\n<p class=\"p1\"><span class=\"s1\">No se podr\u00e1n realizar actos de reproducci\u00f3n, modificaci\u00f3n, distribuci\u00f3n o comunicaci\u00f3n publica del sitio web sin el previo consentimiento por escrito de FICXA FUSI\u00d3N S.A. Queda prohibida la reproducci\u00f3n de los contenidos del sitio web, salvo que est\u00e9 permitido legalmente y se cite la procedencia o, en su defecto, se autorice por escrito lo contrario. En aquellos casos en que se produzca la necesaria autorizaci\u00f3n previa por escrito, dicha autorizaci\u00f3n sustituir\u00e1 la prohibici\u00f3n general antes citada y mencionar\u00e1 claramente las posibles restricciones de uso.<\/span><\/p>\n<p class=\"p1\"><span class=\"s1\">FICXA FUSI\u00d3N S.A. no asumir\u00e1 ninguna responsabilidad derivada del uso por terceros del contenido del sitio web y podr\u00e1 ejercitar todas las acciones civiles o penales que le correspondan en caso de infracci\u00f3n de estos derechos por parte del usuario.<\/span><\/p>\n<h4 class=\"p1\"><span class=\"s1\">CL\u00c1USULA DE EXENCI\u00d3N DE RESPONSABILIDAD<\/span><\/h4>\n<p class=\"p1\"><span class=\"s1\">El presente sitio web ofrece informaci\u00f3n sobre la empresa y el mundo de internet.<\/span><\/p>\n<p class=\"p1\"><span class=\"s1\">Los contenidos incorporados al sitio web han sido elaborados en todo momento de buena fe con el prop\u00f3sito de dar informaci\u00f3n a los usuarios, por lo que FICXA FUSI\u00d3N S.A. no asume ning\u00fan tipo de responsabilidad respecto a la integridad o exactitud de la citada informaci\u00f3n ni garantiza la exactitud ni la puesta al d\u00eda de la informaci\u00f3n que se pueda obtener del mismo, la cual podr\u00e1 ser modificada sin previo aviso. Tampoco se responsabiliza de los eventuales errores tipogr\u00e1ficos, formales o num\u00e9ricos que pueda contener el sitio web.<\/span><\/p>\n<p class=\"p1\"><span class=\"s1\">FICXA FUSI\u00d3N S.A. no se responsabiliza del mal uso que los usuarios puedan hacer del sitio web.<\/span><\/p>\n<h4 class=\"p1\"><span class=\"s1\">1. RESPONSABILIDAD POR EL FUNCIONAMIENTO DEL SITIO WEB<\/span><\/h4>\n<p class=\"p1\"><span class=\"s1\">FICXA FUSI\u00d3N S.A. intentar\u00e1 reducir al m\u00ednimo los problemas ocasionados por errores de car\u00e1cter t\u00e9cnico, pudiendo proceder a la suspensi\u00f3n temporal de los servicios y contenidos del sitio web para efectuar operaciones de mantenimiento, mejora o reparaci\u00f3n de los mismos, sin que ello origine indemnizaci\u00f3n alguna al usuario por estos conceptos.<\/span><\/p>\n<p class=\"p1\"><span class=\"s1\">Se advierte que alguna informaci\u00f3n contenida en esta web puede haber sido creada o recogida en archivos o formatos no exentos de errores, por lo que no se puede garantizar que el servicio no quede interrumpido o afectado por tales problemas.<\/span><\/p>\n<p class=\"p1\"><span class=\"s1\">FICXA FUSI\u00d3N S.A. no asume responsabilidad alguna respecto de los da\u00f1os que pudieran ocasionar al usuario a resultas de la consulta de la presente p\u00e1gina web, o de aquellas otras externas objeto de reenv\u00edo.<\/span><\/p>\n<p class=\"p1\"><span class=\"s1\">FICXA FUSI\u00d3N S.A. no ser\u00e1 responsable en caso de que existan interrupciones del servicio, o mal funcionamiento del mismo que tengan su origen en supuestos de caso fortuito, fuerza mayor u otras causas que escapan de su control.<\/span><\/p>\n<h4 class=\"p1\"><span class=\"s1\">2. RESPONSABILIDAD POR EL USO DE ENLACES<\/span><\/h4>\n<p class=\"p1\"><span class=\"s1\">FICXA FUSI\u00d3N S.A. no asume ninguna responsabilidad derivada de la existencia de enlaces entre los contenidos de este sitio y contenidos situados fuera del mismo, o de cualquier otra menci\u00f3n de contenidos externos a este sitio.<\/span><\/p>\n<p class=\"p1\"><span class=\"s1\">FICXA FUSI\u00d3N S.A. constate por alg\u00fan medio la ilicitud de la p\u00e1gina web, o que lesiona bienes o derechos de un tercero susceptibles de indemnizaci\u00f3n, la empresa suprimir\u00e1 o inutilizar\u00e1 dicho enlace.<\/span><\/p>\n<p class=\"p1\"><span class=\"s1\">La presencia de otros enlaces en el sitio web tiene una finalidad meramente informativa, no constituyendo en ning\u00fan caso una invitaci\u00f3n o recomendaci\u00f3n a la contrataci\u00f3n de productos o servicios que se ofrezcan en el sitio de Internet de destino, y en ning\u00fan caso implican el apoyo a las personas o entidades autoras de tales contenidos o titulares de los sitios donde se encuentren.<\/span><\/p>\n<p class=\"p1\"><span class=\"s1\">De esta manera FICXA FUSI\u00d3N S.A. no se responsabiliza del contenido y disponibilidad de los sitios web a los que enlaza fuera de su p\u00e1gina, de cualquier da\u00f1o o p\u00e9rdida que pueda surgir por la conexi\u00f3n o por el uso de cualquier contenido, producto o servicio disponible en los sitios web a los que se dirijan los enlaces.<\/span><\/p>\n<h3 class=\"p1\"><span class=\"s1\">POL\u00cdTICA DE PRIVACIDAD<\/span><\/h3>\n<p class=\"p1\"><span class=\"s1\">FICXA FUSI\u00d3N S.A. informa seguidamente de su pol\u00edtica de privacidad aplicada a los datos personales. De esta manera, todos los datos personales que tenga bajo su responsabilidad ser\u00e1n tratados de acuerdo con la Ley 15\/1999, 13 de diciembre, de Protecci\u00f3n de Datos de Car\u00e1cter Personal y se guardar\u00e1n las debidas medidas de seguridad y confidencialidad de los mismos.<\/span><\/p>\n<p class=\"p1\"><span class=\"s1\">La visita del sitio web\u00a0<a href=\"http:\/\/www.ficxa.es\/\"><span class=\"s2\">www.ficxa.es<\/span><\/a>\u00a0no implica que el usuario deba suministrar informaci\u00f3n alguna respecto a su identidad, no pudiendo ser asociada a un usuario concreto por la empresa. En el supuesto que se suministre datos de car\u00e1cter de personal, estos datos ser\u00e1n recogidos y utilizados conforme a las limitaciones y los derechos recogidos en la citada norma de protecci\u00f3n de datos.<\/span><\/p>\n<p class=\"p1\"><span class=\"s1\">Los usuarios que faciliten datos de car\u00e1cter personal consienten de forma clara, exacta e inequ\u00edvoca las presentes condiciones.<\/span><\/p>\n<h4><strong>FINALIDADES DEL TRATAMIENTO. <\/strong><\/h4>\n<p><strong>Informaci\u00f3n comercial.<\/strong><\/p>\n<p>Utilizaremos sus datos personales para enviarle informaci\u00f3n comercial de su inter\u00e9s.<\/p>\n<p>El tratamiento de los datos personales con esta finalidad se basa en el consentimiento al aceptar el env\u00edo de informaci\u00f3n comercial.<\/p>\n<p>Ud. tiene el derecho de retirar el consentimiento en cualquier momento a trav\u00e9s del procedimiento antes indicado.<\/p>\n<p>Los datos personales se conservar\u00e1n mientras no retire el consentimiento o durante los a\u00f1os necesarios para cumplir con las obligaciones legales.<\/p>\n<p><strong>Formulario comentario<\/strong><\/p>\n<p>Utilizaremos sus datos personales para gestionar los comentarios a los art\u00edculos de nuestro blog.<\/p>\n<p>La base legal del tratamiento es el inter\u00e9s leg\u00edtimo nuestro<\/p>\n<p>Los datos personales se conservar\u00e1n por un per\u00edodo de dos a\u00f1os desde el momento en que dejen de tratarse, sin perjuicio del ejercicio de los derechos que le asisten como interesado.<\/p>\n<h4 class=\"p1\"><span class=\"s1\">1. RECOGIDA DE DATOS<\/span><\/h4>\n<p class=\"p1\"><span class=\"s1\">La recogida de datos de car\u00e1cter personal se realizar\u00e1 \u00fanica y exclusivamente a trav\u00e9s de los formularios publicados en la web, v\u00eda telef\u00f3nica, por el gestor de pedidos y de los correos electr\u00f3nicos que los usuarios puedan remitir a FICXA FUSI\u00d3N S.A.,\u00a0que ser\u00e1n incluidos en un fichero automatizado.<\/span><\/p>\n<p class=\"p1\"><span class=\"s1\">Los ficheros titularidad de FICXA FUSI\u00d3N S.A. figuran inscritos en el Registro General de la Agencia Espa\u00f1ola de Protecci\u00f3n de Datos, al que podr\u00e1 acceder el usuario o visitante para comprobar la situaci\u00f3n de aquellos.<\/span><\/p>\n<p class=\"p1\"><span class=\"s1\">FICXA FUSI\u00d3N S.A. conservar\u00e1 sus datos una vez finalizada la relaci\u00f3n con el usuario para cumplir las obligaciones legales necesarias. A su vez, proceder\u00e1 a la cancelaci\u00f3n de los datos recogidos cuando dejen de ser necesarios para la finalidad para la que fueron recabados.<\/span><\/p>\n<h4 class=\"p1\"><span class=\"s1\">2. SEGURIDAD DE LA INFORMACI\u00d3N<\/span><\/h4>\n<p class=\"p1\"><span class=\"s1\">FICXA FUSI\u00d3N S.A. ha desarrollado todos los sistemas y medidas t\u00e9cnicas y organizativas a su alcance, previstas en la normativa de protecci\u00f3n de datos de car\u00e1cter personal para evitar la p\u00e9rdida, mal uso, alteraci\u00f3n, acceso no autorizado y sustracci\u00f3n de los datos de car\u00e1cter personal facilitados por el usuario o visitante.<\/span><\/p>\n<p class=\"p1\"><span class=\"s1\">No obstante, el usuario o visitante debe ser consciente de que las medidas de seguridad en Internet no son inexpugnables.<br \/>\n<\/span><\/p>\n<h4 class=\"p1\"><span class=\"s1\">3. CONFIDENCIALIDAD Y SECRETO PROFESIONAL<\/span><\/h4>\n<p class=\"p1\"><span class=\"s1\">Las comunicaciones privadas que pudieran darse entre el personal de FICXA FUSI\u00d3N S.A. y los usuarios o visitantes ser\u00e1n consideradas como confidenciales. El acceso a esta informaci\u00f3n est\u00e1 restringido mediante herramientas tecnol\u00f3gicas y mediante estrictos controles internos.<\/span><\/p>\n<h4 class=\"p1\"><span class=\"s1\">4. ENLACES CON OTROS SITIOS WEB<\/span><\/h4>\n<p class=\"p1\"><span class=\"s1\">El presente sitio web puede contener enlaces o links con otros sitios. Se informa que FICXA FUSI\u00d3N S.A. no dispone de control alguno ni ostenta responsabilidad alguna sobre las pol\u00edticas o medidas de protecci\u00f3n de datos de otros sitios web.<\/span><\/p>\n<h4 class=\"p1\"><span class=\"s1\">5. DERECHOS DE LOS USUARIOS<\/span><\/h4>\n<p class=\"p1\"><span class=\"s1\">El usuario podr\u00e1 ejercitar, respecto a los datos recabados en la forma prevista, los derechos reconocidos por la Ley Org\u00e1nica 15\/1999, de 13 de diciembre, de Protecci\u00f3n de Datos de Car\u00e1cter Personal y en particular los derechos de acceso, rectificaci\u00f3n, cancelaci\u00f3n y oposici\u00f3n mediante solicitud remitida a la siguiente direcci\u00f3n:\u00a0<a href=\"mailto:ficxa@ficxa.es\"><span class=\"s2\">ficxa@ficxa.es<\/span><\/a><\/span><\/p>\n<h4 class=\"p1\"><span class=\"s1\">6. USO DE COOKIES<\/span><\/h4>\n<p class=\"p1\"><span class=\"s1\">A los datos personales declarados por los usuarios de\u00a0<a href=\"http:\/\/www.ficxa.es\/\"><span class=\"s2\">www.ficxa.es<\/span><\/a>\u00a0se podr\u00e1n asociar cookies o p\u00edxeles transparentes para poder medir de forma agregada los resultados en t\u00e9rminos de aperturas y clics de los e-mails enviados. A su vez en el sitio Web de FICXA FUSI\u00d3N S.A. pueden usarse p\u00edxeles o cookies servidos desde el propio servidor o a trav\u00e9s de soluciones de tecnolog\u00eda de terceros para conocer la navegaci\u00f3n del usuario. Las cookies son peque\u00f1os ficheros de datos generados a trav\u00e9s de instrucciones enviadas por los servidores web a los programas navegadores de los usuarios, y que se guardan en un directorio espec\u00edfico del terminal de aqu\u00e9llos, con el objetivo de reunir informaci\u00f3n compilada por el propio fichero.<\/span><\/p>\n<p class=\"p1\"><span class=\"s1\">Para desactivar las cookies en Mozilla Firefox, es necesario hacer clic en \u201cOpciones\u201d y en la pesta\u00f1a \u201cPrivacidad\u201d; en ella, se ha de desactivar la posibilidad de \u201cAceptar cookies de las webs\u201d. Para desactivarlas en Internet Explorer, es necesario hacer clic en \u201cOpciones de Internet\u201d y en la pesta\u00f1a \u201cPrivacidad\u201d; en ella, se ha deslizar la barra de configuraci\u00f3n de la privacidad hasta el l\u00edmite inferior.<\/span><\/p>\n<\/div>\n","protected":false},"excerpt":{"rendered":"<p>Aviso legal FICXA FUSI\u00d3N S.A. con\u00a0CIF A98455777, y domicilio en Pol\u00edgono Industrial, N\u00ba 1 C\/. Tintorers, 2 \u2013 Esquina\u00a0C\/. Flequers, [&hellip;]<\/p>\n","protected":false},"author":1,"featured_media":0,"parent":0,"menu_order":0,"comment_status":"closed","ping_status":"closed","template":"page-templates\/full-width.php","meta":{"sfsi_plus_gutenberg_text_before_share":"","sfsi_plus_gutenberg_show_text_before_share":"","sfsi_plus_gutenberg_icon_type":"","sfsi_plus_gutenberg_icon_alignemt":"","sfsi_plus_gutenburg_max_per_row":""},"_links":{"self":[{"href":"https:\/\/ficxa.es\/index.php\/wp-json\/wp\/v2\/pages\/670"}],"collection":[{"href":"https:\/\/ficxa.es\/index.php\/wp-json\/wp\/v2\/pages"}],"about":[{"href":"https:\/\/ficxa.es\/index.php\/wp-json\/wp\/v2\/types\/page"}],"author":[{"embeddable":true,"href":"https:\/\/ficxa.es\/index.php\/wp-json\/wp\/v2\/users\/1"}],"replies":[{"embeddable":true,"href":"https:\/\/ficxa.es\/index.php\/wp-json\/wp\/v2\/comments?post=670"}],"version-history":[{"count":3,"href":"https:\/\/ficxa.es\/index.php\/wp-json\/wp\/v2\/pages\/670\/revisions"}],"predecessor-version":[{"id":995,"href":"https:\/\/ficxa.es\/index.php\/wp-json\/wp\/v2\/pages\/670\/revisions\/995"}],"wp:attachment":[{"href":"https:\/\/ficxa.es\/index.php\/wp-json\/wp\/v2\/media?parent=670"}],"curies":[{"name":"wp","href":"https:\/\/api.w.org\/{rel}","templated":true}]}}