{"id":585,"date":"2019-02-19T18:18:32","date_gmt":"2019-02-19T18:18:32","guid":{"rendered":"http:\/\/ficxa.es\/wordpress\/?page_id=585"},"modified":"2019-04-11T07:30:30","modified_gmt":"2019-04-11T07:30:30","slug":"exterior","status":"publish","type":"page","link":"https:\/\/ficxa.es\/index.php\/exterior\/","title":{"rendered":"Comunicaci\u00f3n Exterior"},"content":{"rendered":"<div id=\"pl-585\"  class=\"panel-layout\" ><div id=\"pg-585-0\"  class=\"panel-grid panel-has-style\" ><div class=\"so-parallax siteorigin-panels-stretch panel-row-style panel-row-style-for-585-0\" data-stretch-type=\"full\" ><img width=\"1920\" height=\"600\" src=\"https:\/\/ficxa.es\/wp-content\/uploads\/2016\/09\/cta.jpg\" class=\"attachment-full size-full\" alt=\"\" loading=\"eager\" data-siteorigin-parallax=\"true\" srcset=\"https:\/\/ficxa.es\/wp-content\/uploads\/2016\/09\/cta.jpg 1920w, https:\/\/ficxa.es\/wp-content\/uploads\/2016\/09\/cta-300x94.jpg 300w, https:\/\/ficxa.es\/wp-content\/uploads\/2016\/09\/cta-768x240.jpg 768w, https:\/\/ficxa.es\/wp-content\/uploads\/2016\/09\/cta-1024x320.jpg 1024w\" sizes=\"(max-width: 1920px) 100vw, 1920px\" \/><div id=\"pgc-585-0-0\"  class=\"panel-grid-cell\" ><div id=\"panel-585-0-0-0\" class=\"so-panel widget widget_themegrill_flash_cta tg-widget call-to-action-section panel-first-child panel-last-child\" data-index=\"0\" ><div class=\"panel-widget-style panel-widget-style-for-585-0-0-0\" ><div class=\"cta-wrapper call-to-action-section-layout-1\">\n\t<div class=\"section-title-wrapper\">\n\t\t\t\t<h3 class=\"section-title\">CONSIGUE QUE TUS ANUNCIOS DESTAQUEN FRENTE A LA COMPETENCIA<\/h3>\n\t\t\t<\/div>\n\t\t<div class=\"btn-wrapper\">\n\t\t\t\t<a class=\"btn\" href=\"mailto:ficxa@ficxa.es\">\u00bfTe ayudamos en algo? Cont\u00e1ctanos.<\/a>\n\t\t\t\t\t<\/div>\n\t<\/div>\n<\/div><\/div><\/div><\/div><\/div><div id=\"pg-585-1\"  class=\"panel-grid panel-has-style\" ><div id=\"clients\" class=\"panel-row-style panel-row-style-for-585-1\" ><div id=\"pgc-585-1-0\"  class=\"panel-grid-cell\" ><div id=\"panel-585-1-0-0\" class=\"so-panel widget widget_themegrill_flash_heading tg-widget section-title-wrapper panel-first-child panel-last-child\" data-index=\"1\" >\t<h3 class=\"section-title\">Comunicaci\u00f3n Exterior<\/h3>\n<\/div><\/div><\/div><\/div><div id=\"pg-585-2\"  class=\"panel-grid panel-no-style\" ><div id=\"pgc-585-2-0\"  class=\"panel-grid-cell\" ><div id=\"panel-585-2-0-0\" class=\"so-panel widget widget_themegrill_flash_team tg-widget tg-single-team panel-first-child panel-last-child\" data-index=\"2\" ><div class=\"tg-team-widget tg-team-layout-2\">\n\t<div class=\"team-wrapper\">\n\t\t\t\t<div class=\"team-img\">\n\t\t\t\t\t\t<img src=\"http:\/\/ficxa.es\/wordpress\/wp-content\/uploads\/2019\/03\/corporeos33_14.jpg\" alt=\"Yi Fang\"\/>\n\t\t<\/div>\n\t\t\t\t<div class=\"team-content-wrapper\">\n\t\t\t<div class=\"team-desc-wrapper\">\n\t\t\t\t<h3 class=\"team-title\">Yi Fang<\/h3>\n\t\t\t\t<div class=\"team-designation\">Forrado de fachada integral en composite y corp\u00f3reo de letras de aluminio con frontal de metacrilato con luz interior.<\/div>\n\t\t\t\t<div class=\"team-content\"><\/div>\n\t\t\t\t\t\t\t<\/div>\n\t\t<\/div>\n\t<\/div>\n<\/div>\n<\/div><\/div><div id=\"pgc-585-2-1\"  class=\"panel-grid-cell\" ><div id=\"panel-585-2-1-0\" class=\"so-panel widget widget_themegrill_flash_team tg-widget tg-single-team panel-first-child panel-last-child\" data-index=\"3\" ><div class=\"tg-team-widget tg-team-layout-2\">\n\t<div class=\"team-wrapper\">\n\t\t\t\t<div class=\"team-img\">\n\t\t\t\t\t\t<img src=\"http:\/\/ficxa.es\/wordpress\/wp-content\/uploads\/2019\/03\/corporeos33_13.jpg\" alt=\"Embal Pack Levante s.l.\"\/>\n\t\t<\/div>\n\t\t\t\t<div class=\"team-content-wrapper\">\n\t\t\t<div class=\"team-desc-wrapper\">\n\t\t\t\t<h3 class=\"team-title\">Embal Pack Levante s.l.<\/h3>\n\t\t\t\t<div class=\"team-designation\">Corp\u00f3reo de composite vinilado con colores corporativos<\/div>\n\t\t\t\t<div class=\"team-content\"><\/div>\n\t\t\t\t\t\t\t<\/div>\n\t\t<\/div>\n\t<\/div>\n<\/div>\n<\/div><\/div><\/div><div id=\"pg-585-3\"  class=\"panel-grid panel-no-style\" ><div id=\"pgc-585-3-0\"  class=\"panel-grid-cell\" ><div id=\"panel-585-3-0-0\" class=\"so-panel widget widget_themegrill_flash_team tg-widget tg-single-team panel-first-child panel-last-child\" data-index=\"4\" ><div class=\"tg-team-widget tg-team-layout-2\">\n\t<div class=\"team-wrapper\">\n\t\t\t\t<div class=\"team-img\">\n\t\t\t\t\t\t<img src=\"http:\/\/ficxa.es\/wordpress\/wp-content\/uploads\/2019\/03\/exterior_22.jpg\" alt=\"ALDI\"\/>\n\t\t<\/div>\n\t\t\t\t<div class=\"team-content-wrapper\">\n\t\t\t<div class=\"team-desc-wrapper\">\n\t\t\t\t<h3 class=\"team-title\">ALDI<\/h3>\n\t\t\t\t<div class=\"team-designation\">Monoposte con letras de aluminio con frontal de metacrilato con luz interior.<\/div>\n\t\t\t\t<div class=\"team-content\"><\/div>\n\t\t\t\t\t\t\t<\/div>\n\t\t<\/div>\n\t<\/div>\n<\/div>\n<\/div><\/div><div id=\"pgc-585-3-1\"  class=\"panel-grid-cell\" ><div id=\"panel-585-3-1-0\" class=\"so-panel widget widget_themegrill_flash_team tg-widget tg-single-team panel-first-child panel-last-child\" data-index=\"5\" ><div class=\"tg-team-widget tg-team-layout-2\">\n\t<div class=\"team-wrapper\">\n\t\t\t\t<div class=\"team-img\">\n\t\t\t\t\t\t<img src=\"http:\/\/ficxa.es\/wordpress\/wp-content\/uploads\/2019\/03\/exterior_20.jpg\" alt=\"Suinsol\"\/>\n\t\t<\/div>\n\t\t\t\t<div class=\"team-content-wrapper\">\n\t\t\t<div class=\"team-desc-wrapper\">\n\t\t\t\t<h3 class=\"team-title\">Suinsol<\/h3>\n\t\t\t\t<div class=\"team-designation\">Lona frontlit impresa en alta resoluci\u00f3n instalada con marco de hierro.<\/div>\n\t\t\t\t<div class=\"team-content\"><\/div>\n\t\t\t\t\t\t\t<\/div>\n\t\t<\/div>\n\t<\/div>\n<\/div>\n<\/div><\/div><\/div><div id=\"pg-585-4\"  class=\"panel-grid panel-no-style\" ><div id=\"pgc-585-4-0\"  class=\"panel-grid-cell\" ><div id=\"panel-585-4-0-0\" class=\"so-panel widget widget_themegrill_flash_team tg-widget tg-single-team panel-first-child panel-last-child\" data-index=\"6\" ><div class=\"tg-team-widget tg-team-layout-2\">\n\t<div class=\"team-wrapper\">\n\t\t\t\t<div class=\"team-img\">\n\t\t\t\t\t\t<img src=\"http:\/\/ficxa.es\/wordpress\/wp-content\/uploads\/2019\/03\/exterior_21.jpg\" alt=\"Auto selecci\u00f3\"\/>\n\t\t<\/div>\n\t\t\t\t<div class=\"team-content-wrapper\">\n\t\t\t<div class=\"team-desc-wrapper\">\n\t\t\t\t<h3 class=\"team-title\">Auto selecci\u00f3<\/h3>\n\t\t\t\t<div class=\"team-designation\">Monoposte grandes dimensiones con lona frontlite impresa en alta resoluci\u00f3n.<\/div>\n\t\t\t\t<div class=\"team-content\"><\/div>\n\t\t\t\t\t\t\t<\/div>\n\t\t<\/div>\n\t<\/div>\n<\/div>\n<\/div><\/div><div id=\"pgc-585-4-1\"  class=\"panel-grid-cell\" ><div id=\"panel-585-4-1-0\" class=\"so-panel widget widget_themegrill_flash_team tg-widget tg-single-team panel-first-child panel-last-child\" data-index=\"7\" ><div class=\"tg-team-widget tg-team-layout-2\">\n\t<div class=\"team-wrapper\">\n\t\t\t\t<div class=\"team-img\">\n\t\t\t\t\t\t<img src=\"http:\/\/ficxa.es\/wordpress\/wp-content\/uploads\/2019\/03\/exterior_23.jpg\" alt=\"Valencia plaza\"\/>\n\t\t<\/div>\n\t\t\t\t<div class=\"team-content-wrapper\">\n\t\t\t<div class=\"team-desc-wrapper\">\n\t\t\t\t<h3 class=\"team-title\">Valencia plaza<\/h3>\n\t\t\t\t<div class=\"team-designation\">Vinilo de impresi\u00f3n para evento.<\/div>\n\t\t\t\t<div class=\"team-content\"><\/div>\n\t\t\t\t\t\t\t<\/div>\n\t\t<\/div>\n\t<\/div>\n<\/div>\n<\/div><\/div><\/div><div id=\"pg-585-5\"  class=\"panel-grid panel-no-style\" ><div id=\"pgc-585-5-0\"  class=\"panel-grid-cell\" ><div id=\"panel-585-5-0-0\" class=\"so-panel widget widget_themegrill_flash_team tg-widget tg-single-team panel-first-child panel-last-child\" data-index=\"8\" ><div class=\"tg-team-widget tg-team-layout-2\">\n\t<div class=\"team-wrapper\">\n\t\t\t\t<div class=\"team-img\">\n\t\t\t\t\t\t<img src=\"http:\/\/ficxa.es\/wordpress\/wp-content\/uploads\/2019\/03\/impresion-digital_1.jpg\" alt=\"Coca cola\"\/>\n\t\t<\/div>\n\t\t\t\t<div class=\"team-content-wrapper\">\n\t\t\t<div class=\"team-desc-wrapper\">\n\t\t\t\t<h3 class=\"team-title\">Coca cola<\/h3>\n\t\t\t\t<div class=\"team-designation\">Lona micro perforada gran formato impresi\u00f3n impresi\u00f3n alta resoluci\u00f3n.<\/div>\n\t\t\t\t<div class=\"team-content\"><\/div>\n\t\t\t\t\t\t\t<\/div>\n\t\t<\/div>\n\t<\/div>\n<\/div>\n<\/div><\/div><div id=\"pgc-585-5-1\"  class=\"panel-grid-cell\" ><div id=\"panel-585-5-1-0\" class=\"so-panel widget widget_themegrill_flash_team tg-widget tg-single-team panel-first-child panel-last-child\" data-index=\"9\" ><div class=\"tg-team-widget tg-team-layout-2\">\n\t<div class=\"team-wrapper\">\n\t\t\t\t<div class=\"team-img\">\n\t\t\t\t\t\t<img src=\"http:\/\/ficxa.es\/wordpress\/wp-content\/uploads\/2019\/02\/Maniac_ficxa.jpg\" alt=\"Netflix\"\/>\n\t\t<\/div>\n\t\t\t\t<div class=\"team-content-wrapper\">\n\t\t\t<div class=\"team-desc-wrapper\">\n\t\t\t\t<h3 class=\"team-title\">Netflix<\/h3>\n\t\t\t\t<div class=\"team-designation\">Lona micro perforada gran formato alta resoluci\u00f3n.<\/div>\n\t\t\t\t<div class=\"team-content\"><\/div>\n\t\t\t\t\t\t\t<\/div>\n\t\t<\/div>\n\t<\/div>\n<\/div>\n<\/div><\/div><\/div><div id=\"pg-585-6\"  class=\"panel-grid panel-no-style\" ><div id=\"pgc-585-6-0\"  class=\"panel-grid-cell\" ><div id=\"panel-585-6-0-0\" class=\"so-panel widget widget_themegrill_flash_team tg-widget tg-single-team panel-first-child panel-last-child\" data-index=\"10\" ><div class=\"tg-team-widget tg-team-layout-2\">\n\t<div class=\"team-wrapper\">\n\t\t\t\t<div class=\"team-img\">\n\t\t\t\t\t\t<img src=\"http:\/\/ficxa.es\/wordpress\/wp-content\/uploads\/2019\/02\/corporeos01.jpg\" alt=\"Alzijoya\"\/>\n\t\t<\/div>\n\t\t\t\t<div class=\"team-content-wrapper\">\n\t\t\t<div class=\"team-desc-wrapper\">\n\t\t\t\t<h3 class=\"team-title\">Alzijoya<\/h3>\n\t\t\t\t<div class=\"team-designation\">Corp\u00f3reo de letras de acero retroiluminadas.<\/div>\n\t\t\t\t<div class=\"team-content\"><\/div>\n\t\t\t\t\t\t\t<\/div>\n\t\t<\/div>\n\t<\/div>\n<\/div>\n<\/div><\/div><div id=\"pgc-585-6-1\"  class=\"panel-grid-cell\" ><div id=\"panel-585-6-1-0\" class=\"so-panel widget widget_themegrill_flash_team tg-widget tg-single-team panel-first-child panel-last-child\" data-index=\"11\" ><div class=\"tg-team-widget tg-team-layout-2\">\n\t<div class=\"team-wrapper\">\n\t\t\t\t<div class=\"team-img\">\n\t\t\t\t\t\t<img src=\"http:\/\/ficxa.es\/wordpress\/wp-content\/uploads\/2019\/02\/Rex-natura_ficxa.jpg\" alt=\"Grupo Rex\"\/>\n\t\t<\/div>\n\t\t\t\t<div class=\"team-content-wrapper\">\n\t\t\t<div class=\"team-desc-wrapper\">\n\t\t\t\t<h3 class=\"team-title\">Grupo Rex<\/h3>\n\t\t\t\t<div class=\"team-designation\">Valla publicitaria, lona frontlit impresi\u00f3n alta resoluci\u00f3n.<\/div>\n\t\t\t\t<div class=\"team-content\"><\/div>\n\t\t\t\t\t\t\t<\/div>\n\t\t<\/div>\n\t<\/div>\n<\/div>\n<\/div><\/div><\/div><div id=\"pg-585-7\"  class=\"panel-grid panel-no-style\" ><div id=\"pgc-585-7-0\"  class=\"panel-grid-cell\" ><div id=\"panel-585-7-0-0\" class=\"so-panel widget widget_themegrill_flash_team tg-widget tg-single-team panel-first-child panel-last-child\" data-index=\"12\" ><div class=\"tg-team-widget tg-team-layout-2\">\n\t<div class=\"team-wrapper\">\n\t\t\t\t<div class=\"team-img\">\n\t\t\t\t\t\t<img src=\"http:\/\/ficxa.es\/wordpress\/wp-content\/uploads\/2019\/02\/monoposte2_ficxa.jpg\" alt=\"Santi Cars\"\/>\n\t\t<\/div>\n\t\t\t\t<div class=\"team-content-wrapper\">\n\t\t\t<div class=\"team-desc-wrapper\">\n\t\t\t\t<h3 class=\"team-title\">Santi Cars<\/h3>\n\t\t\t\t<div class=\"team-designation\">Monoposte grandes dimensiones con lona frontlite impresa en alta resoluci\u00f3n.<\/div>\n\t\t\t\t<div class=\"team-content\"><\/div>\n\t\t\t\t\t\t\t<\/div>\n\t\t<\/div>\n\t<\/div>\n<\/div>\n<\/div><\/div><div id=\"pgc-585-7-1\"  class=\"panel-grid-cell\" ><div id=\"panel-585-7-1-0\" class=\"so-panel widget widget_themegrill_flash_team tg-widget tg-single-team panel-first-child panel-last-child\" data-index=\"13\" ><div class=\"tg-team-widget tg-team-layout-2\">\n\t<div class=\"team-wrapper\">\n\t\t\t\t<div class=\"team-img\">\n\t\t\t\t\t\t<img src=\"http:\/\/ficxa.es\/wordpress\/wp-content\/uploads\/2019\/02\/meta-arco_ficxa-1.jpg\" alt=\"Maraton de Valencia\"\/>\n\t\t<\/div>\n\t\t\t\t<div class=\"team-content-wrapper\">\n\t\t\t<div class=\"team-desc-wrapper\">\n\t\t\t\t<h3 class=\"team-title\">Maraton de Valencia<\/h3>\n\t\t\t\t<div class=\"team-designation\">Camp. del mundo de media marat\u00f3n. Arco de Salida compuesto por estructura con tubo de hierro forrado con lona micro perforada.<\/div>\n\t\t\t\t<div class=\"team-content\"><\/div>\n\t\t\t\t\t\t\t<\/div>\n\t\t<\/div>\n\t<\/div>\n<\/div>\n<\/div><\/div><\/div><div id=\"pg-585-8\"  class=\"panel-grid panel-no-style\" ><div id=\"pgc-585-8-0\"  class=\"panel-grid-cell\" ><div id=\"panel-585-8-0-0\" class=\"so-panel widget widget_themegrill_flash_team tg-widget tg-single-team panel-first-child panel-last-child\" data-index=\"14\" ><div class=\"tg-team-widget tg-team-layout-2\">\n\t<div class=\"team-wrapper\">\n\t\t\t\t<div class=\"team-img\">\n\t\t\t\t\t\t<img src=\"http:\/\/ficxa.es\/wordpress\/wp-content\/uploads\/2019\/02\/meta-arco2_ficxa.jpg\" alt=\"Marat\u00f3n de Valencia\"\/>\n\t\t<\/div>\n\t\t\t\t<div class=\"team-content-wrapper\">\n\t\t\t<div class=\"team-desc-wrapper\">\n\t\t\t\t<h3 class=\"team-title\">Marat\u00f3n de Valencia<\/h3>\n\t\t\t\t<div class=\"team-designation\">Doble Arco de Salida compuesto por estructura con tubo de hierro forrado con lona micro perforada.<\/div>\n\t\t\t\t<div class=\"team-content\"><\/div>\n\t\t\t\t\t\t\t<\/div>\n\t\t<\/div>\n\t<\/div>\n<\/div>\n<\/div><\/div><div id=\"pgc-585-8-1\"  class=\"panel-grid-cell\" ><div id=\"panel-585-8-1-0\" class=\"so-panel widget widget_themegrill_flash_team tg-widget tg-single-team panel-first-child panel-last-child\" data-index=\"15\" ><div class=\"tg-team-widget tg-team-layout-2\">\n\t<div class=\"team-wrapper\">\n\t\t\t\t<div class=\"team-img\">\n\t\t\t\t\t\t<img src=\"http:\/\/ficxa.es\/wordpress\/wp-content\/uploads\/2019\/02\/aquabona_ficxa.jpg\" alt=\"Aquabona\"\/>\n\t\t<\/div>\n\t\t\t\t<div class=\"team-content-wrapper\">\n\t\t\t<div class=\"team-desc-wrapper\">\n\t\t\t\t<h3 class=\"team-title\">Aquabona<\/h3>\n\t\t\t\t<div class=\"team-designation\">Lona de gran formato alta resoluci\u00f3n.<\/div>\n\t\t\t\t<div class=\"team-content\"><\/div>\n\t\t\t\t\t\t\t<\/div>\n\t\t<\/div>\n\t<\/div>\n<\/div>\n<\/div><\/div><\/div><div id=\"pg-585-9\"  class=\"panel-grid panel-no-style\" ><div id=\"pgc-585-9-0\"  class=\"panel-grid-cell\" ><div id=\"panel-585-9-0-0\" class=\"so-panel widget widget_themegrill_flash_team tg-widget tg-single-team panel-first-child panel-last-child\" data-index=\"16\" ><div class=\"tg-team-widget tg-team-layout-2\">\n\t<div class=\"team-wrapper\">\n\t\t\t\t<div class=\"team-img\">\n\t\t\t\t\t\t<img src=\"http:\/\/ficxa.es\/wordpress\/wp-content\/uploads\/2019\/02\/mediderma_ficxa.jpg\" alt=\"Sesderma\"\/>\n\t\t<\/div>\n\t\t\t\t<div class=\"team-content-wrapper\">\n\t\t\t<div class=\"team-desc-wrapper\">\n\t\t\t\t<h3 class=\"team-title\">Sesderma<\/h3>\n\t\t\t\t<div class=\"team-designation\">Muro forrado con composite seg\u00fan dise\u00f1o y letras corp\u00f3reas de acero inoxidable retro iluminadas.<\/div>\n\t\t\t\t<div class=\"team-content\"><\/div>\n\t\t\t\t\t\t\t<\/div>\n\t\t<\/div>\n\t<\/div>\n<\/div>\n<\/div><\/div><div id=\"pgc-585-9-1\"  class=\"panel-grid-cell\" ><div id=\"panel-585-9-1-0\" class=\"so-panel widget widget_themegrill_flash_team tg-widget tg-single-team panel-first-child panel-last-child\" data-index=\"17\" ><div class=\"tg-team-widget tg-team-layout-2\">\n\t<div class=\"team-wrapper\">\n\t\t\t\t<div class=\"team-img\">\n\t\t\t\t\t\t<img src=\"http:\/\/ficxa.es\/wordpress\/wp-content\/uploads\/2019\/03\/corporeos33_8.jpg\" alt=\"Mofit\"\/>\n\t\t<\/div>\n\t\t\t\t<div class=\"team-content-wrapper\">\n\t\t\t<div class=\"team-desc-wrapper\">\n\t\t\t\t<h3 class=\"team-title\">Mofit<\/h3>\n\t\t\t\t<div class=\"team-designation\">Corp\u00f3reo con estructura de aluminio y frontal de metacrilato vinilado color corporativo.<\/div>\n\t\t\t\t<div class=\"team-content\"><\/div>\n\t\t\t\t\t\t\t<\/div>\n\t\t<\/div>\n\t<\/div>\n<\/div>\n<\/div><\/div><\/div><div id=\"pg-585-10\"  class=\"panel-grid panel-no-style\" ><div id=\"pgc-585-10-0\"  class=\"panel-grid-cell\" ><div id=\"panel-585-10-0-0\" class=\"so-panel widget widget_themegrill_flash_team tg-widget tg-single-team panel-first-child panel-last-child\" data-index=\"18\" ><div class=\"tg-team-widget tg-team-layout-2\">\n\t<div class=\"team-wrapper\">\n\t\t\t\t<div class=\"team-img\">\n\t\t\t\t\t\t<img src=\"http:\/\/ficxa.es\/wordpress\/wp-content\/uploads\/2019\/03\/exterior_6.jpg\" alt=\"Masip Gas\u00f3leos\"\/>\n\t\t<\/div>\n\t\t\t\t<div class=\"team-content-wrapper\">\n\t\t\t<div class=\"team-desc-wrapper\">\n\t\t\t\t<h3 class=\"team-title\">Masip Gas\u00f3leos<\/h3>\n\t\t\t\t<div class=\"team-designation\">Corp\u00f3reos y forrado de pilares en composite.<\/div>\n\t\t\t\t<div class=\"team-content\"><\/div>\n\t\t\t\t\t\t\t<\/div>\n\t\t<\/div>\n\t<\/div>\n<\/div>\n<\/div><\/div><div id=\"pgc-585-10-1\"  class=\"panel-grid-cell\" ><div id=\"panel-585-10-1-0\" class=\"so-panel widget widget_themegrill_flash_team tg-widget tg-single-team panel-first-child panel-last-child\" data-index=\"19\" ><div class=\"tg-team-widget tg-team-layout-2\">\n\t<div class=\"team-wrapper\">\n\t\t\t\t<div class=\"team-img\">\n\t\t\t\t\t\t<img src=\"http:\/\/ficxa.es\/wordpress\/wp-content\/uploads\/2019\/03\/exterior_3.jpg\" alt=\"MN4\"\/>\n\t\t<\/div>\n\t\t\t\t<div class=\"team-content-wrapper\">\n\t\t\t<div class=\"team-desc-wrapper\">\n\t\t\t\t<h3 class=\"team-title\">MN4<\/h3>\n\t\t\t\t<div class=\"team-designation\">Corp\u00f3reo grandes dimensiones en metacrilato con luz interior.<\/div>\n\t\t\t\t<div class=\"team-content\"><\/div>\n\t\t\t\t\t\t\t<\/div>\n\t\t<\/div>\n\t<\/div>\n<\/div>\n<\/div><\/div><\/div><div id=\"pg-585-11\"  class=\"panel-grid panel-no-style\" ><div id=\"pgc-585-11-0\"  class=\"panel-grid-cell\" ><div id=\"panel-585-11-0-0\" class=\"so-panel widget widget_themegrill_flash_team tg-widget tg-single-team panel-first-child panel-last-child\" data-index=\"20\" ><div class=\"tg-team-widget tg-team-layout-2\">\n\t<div class=\"team-wrapper\">\n\t\t\t\t<div class=\"team-img\">\n\t\t\t\t\t\t<img src=\"http:\/\/ficxa.es\/wordpress\/wp-content\/uploads\/2019\/03\/corporeos33_9.jpg\" alt=\"Grupo Rex\"\/>\n\t\t<\/div>\n\t\t\t\t<div class=\"team-content-wrapper\">\n\t\t\t<div class=\"team-desc-wrapper\">\n\t\t\t\t<h3 class=\"team-title\">Grupo Rex<\/h3>\n\t\t\t\t<div class=\"team-designation\">Bandeja calada, con metacrilato rotulado frontal. Con vinilo de corte e iluminaci\u00f3n led interior.<\/div>\n\t\t\t\t<div class=\"team-content\"><\/div>\n\t\t\t\t\t\t\t<\/div>\n\t\t<\/div>\n\t<\/div>\n<\/div>\n<\/div><\/div><div id=\"pgc-585-11-1\"  class=\"panel-grid-cell\" ><div id=\"panel-585-11-1-0\" class=\"so-panel widget widget_themegrill_flash_team tg-widget tg-single-team panel-first-child panel-last-child\" data-index=\"21\" ><div class=\"tg-team-widget tg-team-layout-2\">\n\t<div class=\"team-wrapper\">\n\t\t\t\t<div class=\"team-img\">\n\t\t\t\t\t\t<img src=\"http:\/\/ficxa.es\/wordpress\/wp-content\/uploads\/2019\/03\/corporeo_26.jpg\" alt=\"Ramirez\"\/>\n\t\t<\/div>\n\t\t\t\t<div class=\"team-content-wrapper\">\n\t\t\t<div class=\"team-desc-wrapper\">\n\t\t\t\t<h3 class=\"team-title\">Ramirez<\/h3>\n\t\t\t\t<div class=\"team-designation\">Corp\u00f3reo con letras de aluminio lacado retro iluminadas con led en interior.<\/div>\n\t\t\t\t<div class=\"team-content\"><\/div>\n\t\t\t\t\t\t\t<\/div>\n\t\t<\/div>\n\t<\/div>\n<\/div>\n<\/div><\/div><\/div><\/div>","protected":false},"excerpt":{"rendered":"<p>CONSIGUE QUE TUS ANUNCIOS DESTAQUEN FRENTE A LA COMPETENCIA \u00bfTe ayudamos en algo? Cont\u00e1ctanos. Comunicaci\u00f3n Exterior Yi Fang Forrado de [&hellip;]<\/p>\n","protected":false},"author":1,"featured_media":542,"parent":0,"menu_order":0,"comment_status":"closed","ping_status":"closed","template":"page-templates\/full-width.php","meta":{"sfsi_plus_gutenberg_text_before_share":"","sfsi_plus_gutenberg_show_text_before_share":"","sfsi_plus_gutenberg_icon_type":"","sfsi_plus_gutenberg_icon_alignemt":"","sfsi_plus_gutenburg_max_per_row":""},"_links":{"self":[{"href":"https:\/\/ficxa.es\/index.php\/wp-json\/wp\/v2\/pages\/585"}],"collection":[{"href":"https:\/\/ficxa.es\/index.php\/wp-json\/wp\/v2\/pages"}],"about":[{"href":"https:\/\/ficxa.es\/index.php\/wp-json\/wp\/v2\/types\/page"}],"author":[{"embeddable":true,"href":"https:\/\/ficxa.es\/index.php\/wp-json\/wp\/v2\/users\/1"}],"replies":[{"embeddable":true,"href":"https:\/\/ficxa.es\/index.php\/wp-json\/wp\/v2\/comments?post=585"}],"version-history":[{"count":72,"href":"https:\/\/ficxa.es\/index.php\/wp-json\/wp\/v2\/pages\/585\/revisions"}],"predecessor-version":[{"id":1418,"href":"https:\/\/ficxa.es\/index.php\/wp-json\/wp\/v2\/pages\/585\/revisions\/1418"}],"wp:featuredmedia":[{"embeddable":true,"href":"https:\/\/ficxa.es\/index.php\/wp-json\/wp\/v2\/media\/542"}],"wp:attachment":[{"href":"https:\/\/ficxa.es\/index.php\/wp-json\/wp\/v2\/media?parent=585"}],"curies":[{"name":"wp","href":"https:\/\/api.w.org\/{rel}","templated":true}]}}