{"id":1798,"date":"2019-06-05T14:59:27","date_gmt":"2019-06-05T14:59:27","guid":{"rendered":"http:\/\/ficxa.es\/wordpress\/index.php\/comunicacion-visual-dinamica-copy\/"},"modified":"2021-01-28T11:28:26","modified_gmt":"2021-01-28T11:28:26","slug":"laminas-solares","status":"publish","type":"page","link":"https:\/\/ficxa.es\/index.php\/laminas-solares\/","title":{"rendered":"L\u00c1MINAS SOLARES Y ANTI-FRAGMENTOS"},"content":{"rendered":"\n<p><\/p>\n\n\n<div id=\"pl-gb1798-69e1d5aca13a0\"  class=\"panel-layout\" ><div id=\"pg-gb1798-69e1d5aca13a0-0\"  class=\"panel-grid panel-has-style\" ><div class=\"so-parallax siteorigin-panels-stretch panel-row-style panel-row-style-for-gb1798-69e1d5aca13a0-0\" data-stretch-type=\"full\" ><img width=\"1920\" height=\"600\" src=\"https:\/\/ficxa.es\/wp-content\/uploads\/2019\/05\/Fondo-ficxa-b.jpg\" class=\"attachment-full size-full\" alt=\"\" loading=\"eager\" data-siteorigin-parallax=\"true\" srcset=\"https:\/\/ficxa.es\/wp-content\/uploads\/2019\/05\/Fondo-ficxa-b.jpg 1920w, https:\/\/ficxa.es\/wp-content\/uploads\/2019\/05\/Fondo-ficxa-b-300x94.jpg 300w, https:\/\/ficxa.es\/wp-content\/uploads\/2019\/05\/Fondo-ficxa-b-768x240.jpg 768w, https:\/\/ficxa.es\/wp-content\/uploads\/2019\/05\/Fondo-ficxa-b-1024x320.jpg 1024w\" sizes=\"(max-width: 1920px) 100vw, 1920px\" \/><div id=\"pgc-gb1798-69e1d5aca13a0-0-0\"  class=\"panel-grid-cell\" ><div id=\"panel-gb1798-69e1d5aca13a0-0-0-0\" class=\"so-panel widget widget_themegrill_flash_cta tg-widget call-to-action-section panel-first-child panel-last-child\" data-index=\"0\" ><div class=\"panel-widget-style panel-widget-style-for-gb1798-69e1d5aca13a0-0-0-0\" ><div class=\"cta-wrapper call-to-action-section-layout-1\">\n\t<div class=\"section-title-wrapper\">\n\t\t\t\t<h3 class=\"section-title\">\u00bfTE ENSE\u00d1AMOS LO QUE PODEMOS HACER CON TU EMPRESA?<\/h3>\n\t\t\t\t<h4 class=\"section-subtitle\">CONT\u00c1CTANOS Y TE MOSTRAREMOS COMO POTENCIAR TU IMAGEN CORPORATIVA<\/h4>\n\t\t\t<\/div>\n\t\t<div class=\"btn-wrapper\">\n\t\t\t\t<a class=\"btn\" href=\"mailto:ficxa@ficxa.es\">\u00bfTe ayudamos en algo? Cont\u00e1ctanos.<\/a>\n\t\t\t\t\t<\/div>\n\t<\/div>\n<\/div><\/div><\/div><\/div><\/div><div id=\"pg-gb1798-69e1d5aca13a0-1\"  class=\"panel-grid panel-has-style\" ><div id=\"clients\" class=\"panel-row-style panel-row-style-for-gb1798-69e1d5aca13a0-1\" ><div id=\"pgc-gb1798-69e1d5aca13a0-1-0\"  class=\"panel-grid-cell\" ><div id=\"panel-gb1798-69e1d5aca13a0-1-0-0\" class=\"so-panel widget widget_themegrill_flash_heading tg-widget section-title-wrapper panel-first-child panel-last-child\" data-index=\"1\" >\t<h3 class=\"section-title\">LAMINAS SOLARES Y LAMINAS ANTI-FRAGMENTOS<\/h3>\n\t<div class=\"section-description\">Nuestras l\u00e1minas de seguridad anti-fragmentos aplicadas al cristal aumentan considerablemente la resistencia de los mismos. Tras impactos fuertes y repetitivos, mantienen unidos los pedazos de cristal, evitando que salgan despedidos. La instalaci\u00f3n se realiza de una forma r\u00e1pida, c\u00f3moda y poco costosa.<\/div>\n<\/div><\/div><\/div><\/div><div id=\"pg-gb1798-69e1d5aca13a0-2\"  class=\"panel-grid panel-no-style\" ><div id=\"pgc-gb1798-69e1d5aca13a0-2-0\"  class=\"panel-grid-cell panel-grid-cell-empty\" ><\/div><div id=\"pgc-gb1798-69e1d5aca13a0-2-1\"  class=\"panel-grid-cell panel-grid-cell-mobile-last\" ><div id=\"panel-gb1798-69e1d5aca13a0-2-1-0\" class=\"so-panel widget widget_text panel-first-child panel-last-child\" data-index=\"2\" ><h3 class=\"widget-title\">LAMINAS SOLARES<\/h3>\t\t\t<div class=\"textwidget\"><p>Nuestras l\u00e1minas solares para superficies acristaladas de la marca registrada SolarZone \u00ae, nos aportan las siguientes ventajas y caracter\u00edsticas:<span class=\"Apple-converted-space\">\u00a0<\/span><\/p>\n<ul>\n<li style=\"list-style-type: none;\">\n<ul>\n<li>\u00a0 \u00a0 Reduce los gastos energ\u00e9ticos<\/li>\n<li>\u00a0\u00a0\u00a0 Reduce las emisiones de carbono<\/li>\n<li>\u00a0\u00a0\u00a0 Prolonga la vida de sus sistemas de climatizaci\u00f3n<\/li>\n<li>\u00a0\u00a0\u00a0 Reduce los puntos calientes<\/li>\n<li>\u00a0\u00a0\u00a0 Reduce el deslumbramiento<\/li>\n<li>\u00a0\u00a0\u00a0 Protege frente a la radiaci\u00f3n UV a personas y mobiliario<\/li>\n<\/ul>\n<\/li>\n<\/ul>\n<\/div>\n\t\t<\/div><\/div><div id=\"pgc-gb1798-69e1d5aca13a0-2-2\"  class=\"panel-grid-cell panel-grid-cell-empty\" ><\/div><\/div><div id=\"pg-gb1798-69e1d5aca13a0-3\"  class=\"panel-grid panel-no-style\" ><div id=\"pgc-gb1798-69e1d5aca13a0-3-0\"  class=\"panel-grid-cell\" ><div id=\"panel-gb1798-69e1d5aca13a0-3-0-0\" class=\"so-panel widget widget_themegrill_flash_team tg-widget tg-single-team panel-first-child panel-last-child\" data-index=\"3\" ><div class=\"tg-team-widget tg-team-layout-2\">\n\t<div class=\"team-wrapper\">\n\t\t\t\t<div class=\"team-img\">\n\t\t\t\t\t\t<img src=\"http:\/\/ficxa.es\/wp-content\/uploads\/2019\/06\/solares-01.jpg\" alt=\"Exterior nave industrial\"\/>\n\t\t<\/div>\n\t\t\t\t<div class=\"team-content-wrapper\">\n\t\t\t<div class=\"team-desc-wrapper\">\n\t\t\t\t<h3 class=\"team-title\">Exterior nave industrial<\/h3>\n\t\t\t\t<div class=\"team-designation\">Laminas solares<\/div>\n\t\t\t\t<div class=\"team-content\"><\/div>\n\t\t\t\t\t\t\t<\/div>\n\t\t<\/div>\n\t<\/div>\n<\/div>\n<\/div><\/div><div id=\"pgc-gb1798-69e1d5aca13a0-3-1\"  class=\"panel-grid-cell\" ><div id=\"panel-gb1798-69e1d5aca13a0-3-1-0\" class=\"so-panel widget widget_themegrill_flash_team tg-widget tg-single-team panel-first-child panel-last-child\" data-index=\"4\" ><div class=\"tg-team-widget tg-team-layout-2\">\n\t<div class=\"team-wrapper\">\n\t\t\t\t<div class=\"team-img\">\n\t\t\t\t\t\t<img src=\"http:\/\/ficxa.es\/wp-content\/uploads\/2019\/06\/solares-02.jpg\" alt=\"Empresa de Alimentaci\u00f3n\"\/>\n\t\t<\/div>\n\t\t\t\t<div class=\"team-content-wrapper\">\n\t\t\t<div class=\"team-desc-wrapper\">\n\t\t\t\t<h3 class=\"team-title\">Empresa de Alimentaci\u00f3n<\/h3>\n\t\t\t\t<div class=\"team-designation\">L\u00e1mina de seguridad antifragmentos<\/div>\n\t\t\t\t<div class=\"team-content\"><\/div>\n\t\t\t\t\t\t\t<\/div>\n\t\t<\/div>\n\t<\/div>\n<\/div>\n<\/div><\/div><\/div><div id=\"pg-gb1798-69e1d5aca13a0-4\"  class=\"panel-grid panel-no-style\" ><div id=\"pgc-gb1798-69e1d5aca13a0-4-0\"  class=\"panel-grid-cell\" ><div id=\"panel-gb1798-69e1d5aca13a0-4-0-0\" class=\"so-panel widget widget_themegrill_flash_team tg-widget tg-single-team panel-first-child panel-last-child\" data-index=\"5\" ><div class=\"tg-team-widget tg-team-layout-2\">\n\t<div class=\"team-wrapper\">\n\t\t\t\t<div class=\"team-img\">\n\t\t\t\t\t\t<img src=\"http:\/\/ficxa.es\/wp-content\/uploads\/2019\/06\/solares-05.jpg\" alt=\"Exterior nave\"\/>\n\t\t<\/div>\n\t\t\t\t<div class=\"team-content-wrapper\">\n\t\t\t<div class=\"team-desc-wrapper\">\n\t\t\t\t<h3 class=\"team-title\">Exterior nave<\/h3>\n\t\t\t\t<div class=\"team-designation\">L\u00e1minas para cristales: Protecci\u00f3n solar, segurida anti-fragmento<\/div>\n\t\t\t\t<div class=\"team-content\"><\/div>\n\t\t\t\t\t\t\t<\/div>\n\t\t<\/div>\n\t<\/div>\n<\/div>\n<\/div><\/div><div id=\"pgc-gb1798-69e1d5aca13a0-4-1\"  class=\"panel-grid-cell\" ><div id=\"panel-gb1798-69e1d5aca13a0-4-1-0\" class=\"so-panel widget widget_themegrill_flash_team tg-widget tg-single-team panel-first-child panel-last-child\" data-index=\"6\" ><div class=\"tg-team-widget tg-team-layout-2\">\n\t<div class=\"team-wrapper\">\n\t\t\t\t<div class=\"team-img\">\n\t\t\t\t\t\t<img src=\"http:\/\/ficxa.es\/wp-content\/uploads\/2019\/06\/solares-04.jpg\" alt=\"Empresa de Alimentaci\u00f3n\"\/>\n\t\t<\/div>\n\t\t\t\t<div class=\"team-content-wrapper\">\n\t\t\t<div class=\"team-desc-wrapper\">\n\t\t\t\t<h3 class=\"team-title\">Empresa de Alimentaci\u00f3n<\/h3>\n\t\t\t\t<div class=\"team-designation\">L\u00e1mina de seguridad antifragmentos<\/div>\n\t\t\t\t<div class=\"team-content\"><\/div>\n\t\t\t\t\t\t\t<\/div>\n\t\t<\/div>\n\t<\/div>\n<\/div>\n<\/div><\/div><\/div><\/div>","protected":false},"excerpt":{"rendered":"","protected":false},"author":1,"featured_media":0,"parent":0,"menu_order":0,"comment_status":"closed","ping_status":"closed","template":"page-templates\/full-width.php","meta":{"sfsi_plus_gutenberg_text_before_share":"","sfsi_plus_gutenberg_show_text_before_share":"","sfsi_plus_gutenberg_icon_type":"","sfsi_plus_gutenberg_icon_alignemt":"","sfsi_plus_gutenburg_max_per_row":""},"_links":{"self":[{"href":"https:\/\/ficxa.es\/index.php\/wp-json\/wp\/v2\/pages\/1798"}],"collection":[{"href":"https:\/\/ficxa.es\/index.php\/wp-json\/wp\/v2\/pages"}],"about":[{"href":"https:\/\/ficxa.es\/index.php\/wp-json\/wp\/v2\/types\/page"}],"author":[{"embeddable":true,"href":"https:\/\/ficxa.es\/index.php\/wp-json\/wp\/v2\/users\/1"}],"replies":[{"embeddable":true,"href":"https:\/\/ficxa.es\/index.php\/wp-json\/wp\/v2\/comments?post=1798"}],"version-history":[{"count":9,"href":"https:\/\/ficxa.es\/index.php\/wp-json\/wp\/v2\/pages\/1798\/revisions"}],"predecessor-version":[{"id":2923,"href":"https:\/\/ficxa.es\/index.php\/wp-json\/wp\/v2\/pages\/1798\/revisions\/2923"}],"wp:attachment":[{"href":"https:\/\/ficxa.es\/index.php\/wp-json\/wp\/v2\/media?parent=1798"}],"curies":[{"name":"wp","href":"https:\/\/api.w.org\/{rel}","templated":true}]}}