{"id":1778,"date":"2019-06-05T10:22:24","date_gmt":"2019-06-05T10:22:24","guid":{"rendered":"http:\/\/ficxa.es\/wordpress\/index.php\/banderolas-copy\/"},"modified":"2021-01-28T11:26:28","modified_gmt":"2021-01-28T11:26:28","slug":"roll-ups","status":"publish","type":"page","link":"https:\/\/ficxa.es\/index.php\/roll-ups\/","title":{"rendered":"ROLL-UPS, POP-UPS, MOSTRADORES, ETC"},"content":{"rendered":"<div id=\"pl-1778\"  class=\"panel-layout\" ><div id=\"pg-1778-0\"  class=\"panel-grid panel-has-style\" ><div class=\"so-parallax siteorigin-panels-stretch panel-row-style panel-row-style-for-1778-0\" data-stretch-type=\"full\" ><img width=\"1920\" height=\"600\" src=\"https:\/\/ficxa.es\/wp-content\/uploads\/2019\/05\/Fondo-ficxa-b.jpg\" class=\"attachment-full size-full\" alt=\"\" loading=\"eager\" data-siteorigin-parallax=\"true\" srcset=\"https:\/\/ficxa.es\/wp-content\/uploads\/2019\/05\/Fondo-ficxa-b.jpg 1920w, https:\/\/ficxa.es\/wp-content\/uploads\/2019\/05\/Fondo-ficxa-b-300x94.jpg 300w, https:\/\/ficxa.es\/wp-content\/uploads\/2019\/05\/Fondo-ficxa-b-768x240.jpg 768w, https:\/\/ficxa.es\/wp-content\/uploads\/2019\/05\/Fondo-ficxa-b-1024x320.jpg 1024w\" sizes=\"(max-width: 1920px) 100vw, 1920px\" \/><div id=\"pgc-1778-0-0\"  class=\"panel-grid-cell\" ><div id=\"panel-1778-0-0-0\" class=\"so-panel widget widget_themegrill_flash_cta tg-widget call-to-action-section panel-first-child panel-last-child\" data-index=\"0\" ><div class=\"panel-widget-style panel-widget-style-for-1778-0-0-0\" ><div class=\"cta-wrapper call-to-action-section-layout-1\">\n\t<div class=\"section-title-wrapper\">\n\t\t\t\t<h3 class=\"section-title\">\u00bfTE ENSE\u00d1AMOS LO QUE PODEMOS HACER CON TU EMPRESA?<\/h3>\n\t\t\t\t<h4 class=\"section-subtitle\">CONT\u00c1CTANOS Y TE MOSTRAREMOS COMO POTENCIAR TU IMAGEN CORPORATIVA<\/h4>\n\t\t\t<\/div>\n\t\t<div class=\"btn-wrapper\">\n\t\t\t\t<a class=\"btn\" href=\"mailto:ficxa@ficxa.es\">\u00bfTe ayudamos en algo? Cont\u00e1ctanos.<\/a>\n\t\t\t\t\t<\/div>\n\t<\/div>\n<\/div><\/div><\/div><\/div><\/div><div id=\"pg-1778-1\"  class=\"panel-grid panel-has-style\" ><div id=\"clients\" class=\"panel-row-style panel-row-style-for-1778-1\" ><div id=\"pgc-1778-1-0\"  class=\"panel-grid-cell\" ><div id=\"panel-1778-1-0-0\" class=\"so-panel widget widget_themegrill_flash_heading tg-widget section-title-wrapper panel-first-child panel-last-child\" data-index=\"1\" >\t<h3 class=\"section-title\">ROLL-UPS, POP-UPS, MOSTRADORES Y EVENTOS<\/h3>\n\t<div class=\"section-description\">ROLL UPS: Los roll ups tienen una caracter\u00edstica que los define, son enrollables y adem\u00e1s el dispositivo plegable-desplegable se realiza de forma muy sencilla. \u00bfQu\u00e9 quiere decir esto?, que se consigue un espacio de almacenamiento tan reducido que el cartel es transportable. POP UP: Los pop ups son soportes publicitarios r\u00edgidos que pueden ser de diferentes formas, donde la estructura es de aluminio y la gr\u00e1fica una lona o tela. MOSTRADORES PUBLICITARIOS: Este tipo de soporte publicitario es muy atractivo debido a su efectividad e inmejorable relaci\u00f3n calidad precio, aqu\u00ed se encuentra todo lo que se necesita para exponer los productos de forma vistosa y atractiva consiguiendo la atracci\u00f3n del p\u00fablico objetivo.<\/div>\n<\/div><\/div><\/div><\/div><div id=\"pg-1778-2\"  class=\"panel-grid panel-no-style\" ><div id=\"pgc-1778-2-0\"  class=\"panel-grid-cell\" ><div id=\"panel-1778-2-0-0\" class=\"so-panel widget widget_themegrill_flash_team tg-widget tg-single-team panel-first-child panel-last-child\" data-index=\"2\" ><div class=\"tg-team-widget tg-team-layout-2\">\n\t<div class=\"team-wrapper\">\n\t\t\t\t<div class=\"team-img\">\n\t\t\t\t\t\t<img src=\"http:\/\/ficxa.es\/wp-content\/uploads\/2019\/06\/roll-ups-02.jpg\" alt=\"Instrumento mania\"\/>\n\t\t<\/div>\n\t\t\t\t<div class=\"team-content-wrapper\">\n\t\t\t<div class=\"team-desc-wrapper\">\n\t\t\t\t<h3 class=\"team-title\">Instrumento mania<\/h3>\n\t\t\t\t<div class=\"team-designation\">Roll up<\/div>\n\t\t\t\t<div class=\"team-content\"><\/div>\n\t\t\t\t\t\t\t<\/div>\n\t\t<\/div>\n\t<\/div>\n<\/div>\n<\/div><\/div><div id=\"pgc-1778-2-1\"  class=\"panel-grid-cell\" ><div id=\"panel-1778-2-1-0\" class=\"so-panel widget widget_themegrill_flash_team tg-widget tg-single-team panel-first-child panel-last-child\" data-index=\"3\" ><div class=\"tg-team-widget tg-team-layout-2\">\n\t<div class=\"team-wrapper\">\n\t\t\t\t<div class=\"team-img\">\n\t\t\t\t\t\t<img src=\"http:\/\/ficxa.es\/wp-content\/uploads\/2019\/06\/roll-ups-01.jpg\" alt=\"Instrumento mania\"\/>\n\t\t<\/div>\n\t\t\t\t<div class=\"team-content-wrapper\">\n\t\t\t<div class=\"team-desc-wrapper\">\n\t\t\t\t<h3 class=\"team-title\">Instrumento mania<\/h3>\n\t\t\t\t<div class=\"team-designation\">Roll up<\/div>\n\t\t\t\t<div class=\"team-content\"><\/div>\n\t\t\t\t\t\t\t<\/div>\n\t\t<\/div>\n\t<\/div>\n<\/div>\n<\/div><\/div><div id=\"pgc-1778-2-2\"  class=\"panel-grid-cell\" ><div id=\"panel-1778-2-2-0\" class=\"so-panel widget widget_themegrill_flash_team tg-widget tg-single-team panel-first-child panel-last-child\" data-index=\"4\" ><div class=\"tg-team-widget tg-team-layout-2\">\n\t<div class=\"team-wrapper\">\n\t\t\t\t<div class=\"team-img\">\n\t\t\t\t\t\t<img src=\"http:\/\/ficxa.es\/wp-content\/uploads\/2019\/06\/roll-ups-03.jpg\" alt=\"Instrumento mania\"\/>\n\t\t<\/div>\n\t\t\t\t<div class=\"team-content-wrapper\">\n\t\t\t<div class=\"team-desc-wrapper\">\n\t\t\t\t<h3 class=\"team-title\">Instrumento mania<\/h3>\n\t\t\t\t<div class=\"team-designation\">Roll up<\/div>\n\t\t\t\t<div class=\"team-content\"><\/div>\n\t\t\t\t\t\t\t<\/div>\n\t\t<\/div>\n\t<\/div>\n<\/div>\n<\/div><\/div><\/div><div id=\"pg-1778-3\"  class=\"panel-grid panel-no-style\" ><div id=\"pgc-1778-3-0\"  class=\"panel-grid-cell\" ><div id=\"panel-1778-3-0-0\" class=\"so-panel widget widget_themegrill_flash_team tg-widget tg-single-team panel-first-child panel-last-child\" data-index=\"5\" ><div class=\"tg-team-widget tg-team-layout-2\">\n\t<div class=\"team-wrapper\">\n\t\t\t\t<div class=\"team-img\">\n\t\t\t\t\t\t<img src=\"http:\/\/ficxa.es\/wp-content\/uploads\/2019\/06\/comunicacion-visual.jpg\" alt=\"Isaval\"\/>\n\t\t<\/div>\n\t\t\t\t<div class=\"team-content-wrapper\">\n\t\t\t<div class=\"team-desc-wrapper\">\n\t\t\t\t<h3 class=\"team-title\">Isaval<\/h3>\n\t\t\t\t<div class=\"team-designation\">Impresi\u00f3n sobre cart\u00f3n pluma<\/div>\n\t\t\t\t<div class=\"team-content\"><\/div>\n\t\t\t\t\t\t\t<\/div>\n\t\t<\/div>\n\t<\/div>\n<\/div>\n<\/div><\/div><div id=\"pgc-1778-3-1\"  class=\"panel-grid-cell\" ><div id=\"panel-1778-3-1-0\" class=\"so-panel widget widget_themegrill_flash_team tg-widget tg-single-team panel-first-child panel-last-child\" data-index=\"6\" ><div class=\"tg-team-widget tg-team-layout-2\">\n\t<div class=\"team-wrapper\">\n\t\t\t\t<div class=\"team-img\">\n\t\t\t\t\t\t<img src=\"http:\/\/ficxa.es\/wp-content\/uploads\/2019\/06\/po-ups-01.jpg\" alt=\"Marat\u00f3n de Valencia\"\/>\n\t\t<\/div>\n\t\t\t\t<div class=\"team-content-wrapper\">\n\t\t\t<div class=\"team-desc-wrapper\">\n\t\t\t\t<h3 class=\"team-title\">Marat\u00f3n de Valencia<\/h3>\n\t\t\t\t<div class=\"team-designation\">Pop up<\/div>\n\t\t\t\t<div class=\"team-content\"><\/div>\n\t\t\t\t\t\t\t<\/div>\n\t\t<\/div>\n\t<\/div>\n<\/div>\n<\/div><\/div><\/div><div id=\"pg-1778-4\"  class=\"panel-grid panel-no-style\" ><div id=\"pgc-1778-4-0\"  class=\"panel-grid-cell\" ><div id=\"panel-1778-4-0-0\" class=\"so-panel widget widget_themegrill_flash_team tg-widget tg-single-team panel-first-child panel-last-child\" data-index=\"7\" ><div class=\"tg-team-widget tg-team-layout-2\">\n\t<div class=\"team-wrapper\">\n\t\t\t\t<div class=\"team-img\">\n\t\t\t\t\t\t<img src=\"http:\/\/ficxa.es\/wp-content\/uploads\/2019\/06\/po-ups-03.jpg\" alt=\"Foro Excelencia Comercial\"\/>\n\t\t<\/div>\n\t\t\t\t<div class=\"team-content-wrapper\">\n\t\t\t<div class=\"team-desc-wrapper\">\n\t\t\t\t<h3 class=\"team-title\">Foro Excelencia Comercial<\/h3>\n\t\t\t\t<div class=\"team-designation\">Pop up<\/div>\n\t\t\t\t<div class=\"team-content\"><\/div>\n\t\t\t\t\t\t\t<\/div>\n\t\t<\/div>\n\t<\/div>\n<\/div>\n<\/div><\/div><div id=\"pgc-1778-4-1\"  class=\"panel-grid-cell\" ><div id=\"panel-1778-4-1-0\" class=\"so-panel widget widget_themegrill_flash_team tg-widget tg-single-team panel-first-child panel-last-child\" data-index=\"8\" ><div class=\"tg-team-widget tg-team-layout-2\">\n\t<div class=\"team-wrapper\">\n\t\t\t\t<div class=\"team-img\">\n\t\t\t\t\t\t<img src=\"http:\/\/ficxa.es\/wp-content\/uploads\/2019\/06\/po-ups-04.jpg\" alt=\"Marat\u00f3n de Valencia\"\/>\n\t\t<\/div>\n\t\t\t\t<div class=\"team-content-wrapper\">\n\t\t\t<div class=\"team-desc-wrapper\">\n\t\t\t\t<h3 class=\"team-title\">Marat\u00f3n de Valencia<\/h3>\n\t\t\t\t<div class=\"team-designation\">Pop up<\/div>\n\t\t\t\t<div class=\"team-content\"><\/div>\n\t\t\t\t\t\t\t<\/div>\n\t\t<\/div>\n\t<\/div>\n<\/div>\n<\/div><\/div><\/div><div id=\"pg-1778-5\"  class=\"panel-grid panel-no-style\" ><div id=\"pgc-1778-5-0\"  class=\"panel-grid-cell\" ><div id=\"panel-1778-5-0-0\" class=\"so-panel widget widget_themegrill_flash_team tg-widget tg-single-team panel-first-child panel-last-child\" data-index=\"9\" ><div class=\"tg-team-widget tg-team-layout-2\">\n\t<div class=\"team-wrapper\">\n\t\t\t\t<div class=\"team-img\">\n\t\t\t\t\t\t<img src=\"http:\/\/ficxa.es\/wp-content\/uploads\/2019\/06\/po-ups-05.jpg\" alt=\"La liga\"\/>\n\t\t<\/div>\n\t\t\t\t<div class=\"team-content-wrapper\">\n\t\t\t<div class=\"team-desc-wrapper\">\n\t\t\t\t<h3 class=\"team-title\">La liga<\/h3>\n\t\t\t\t<div class=\"team-designation\">Estand Feria<\/div>\n\t\t\t\t<div class=\"team-content\"><\/div>\n\t\t\t\t\t\t\t<\/div>\n\t\t<\/div>\n\t<\/div>\n<\/div>\n<\/div><\/div><div id=\"pgc-1778-5-1\"  class=\"panel-grid-cell\" ><div id=\"panel-1778-5-1-0\" class=\"so-panel widget widget_themegrill_flash_team tg-widget tg-single-team panel-first-child panel-last-child\" data-index=\"10\" ><div class=\"tg-team-widget tg-team-layout-2\">\n\t<div class=\"team-wrapper\">\n\t\t\t\t<div class=\"team-img\">\n\t\t\t\t\t\t<img src=\"http:\/\/ficxa.es\/wp-content\/uploads\/2019\/06\/po-ups-02.jpg\" alt=\"Marat\u00f3n de Valencia\"\/>\n\t\t<\/div>\n\t\t\t\t<div class=\"team-content-wrapper\">\n\t\t\t<div class=\"team-desc-wrapper\">\n\t\t\t\t<h3 class=\"team-title\">Marat\u00f3n de Valencia<\/h3>\n\t\t\t\t<div class=\"team-designation\">Pop up<\/div>\n\t\t\t\t<div class=\"team-content\"><\/div>\n\t\t\t\t\t\t\t<\/div>\n\t\t<\/div>\n\t<\/div>\n<\/div>\n<\/div><\/div><\/div><div id=\"pg-1778-6\"  class=\"panel-grid panel-no-style\" ><div id=\"pgc-1778-6-0\"  class=\"panel-grid-cell\" ><div id=\"panel-1778-6-0-0\" class=\"so-panel widget widget_themegrill_flash_team tg-widget tg-single-team panel-first-child panel-last-child\" data-index=\"11\" ><div class=\"tg-team-widget tg-team-layout-2\">\n\t<div class=\"team-wrapper\">\n\t\t\t\t<div class=\"team-img\">\n\t\t\t\t\t\t<img src=\"http:\/\/ficxa.es\/wp-content\/uploads\/2019\/06\/po-ups-06.jpg\" alt=\"Sweet &amp; Coffe\"\/>\n\t\t<\/div>\n\t\t\t\t<div class=\"team-content-wrapper\">\n\t\t\t<div class=\"team-desc-wrapper\">\n\t\t\t\t<h3 class=\"team-title\">Sweet &amp; Coffe<\/h3>\n\t\t\t\t<div class=\"team-designation\">Roll up<\/div>\n\t\t\t\t<div class=\"team-content\"><\/div>\n\t\t\t\t\t\t\t<\/div>\n\t\t<\/div>\n\t<\/div>\n<\/div>\n<\/div><\/div><div id=\"pgc-1778-6-1\"  class=\"panel-grid-cell\" ><div id=\"panel-1778-6-1-0\" class=\"so-panel widget widget_themegrill_flash_team tg-widget tg-single-team panel-first-child panel-last-child\" data-index=\"12\" ><div class=\"tg-team-widget tg-team-layout-2\">\n\t<div class=\"team-wrapper\">\n\t\t\t\t<div class=\"team-img\">\n\t\t\t\t\t\t<img src=\"http:\/\/ficxa.es\/wp-content\/uploads\/2019\/06\/po-ups-07.jpg\" alt=\"Nestle\"\/>\n\t\t<\/div>\n\t\t\t\t<div class=\"team-content-wrapper\">\n\t\t\t<div class=\"team-desc-wrapper\">\n\t\t\t\t<h3 class=\"team-title\">Nestle<\/h3>\n\t\t\t\t<div class=\"team-designation\">Roll ups<\/div>\n\t\t\t\t<div class=\"team-content\"><\/div>\n\t\t\t\t\t\t\t<\/div>\n\t\t<\/div>\n\t<\/div>\n<\/div>\n<\/div><\/div><div id=\"pgc-1778-6-2\"  class=\"panel-grid-cell\" ><div id=\"panel-1778-6-2-0\" class=\"so-panel widget widget_themegrill_flash_team tg-widget tg-single-team panel-first-child panel-last-child\" data-index=\"13\" ><div class=\"tg-team-widget tg-team-layout-2\">\n\t<div class=\"team-wrapper\">\n\t\t\t\t<div class=\"team-img\">\n\t\t\t\t\t\t<img src=\"http:\/\/ficxa.es\/wp-content\/uploads\/2019\/06\/po-ups-08.jpg\" alt=\"Online Shop\"\/>\n\t\t<\/div>\n\t\t\t\t<div class=\"team-content-wrapper\">\n\t\t\t<div class=\"team-desc-wrapper\">\n\t\t\t\t<h3 class=\"team-title\">Online Shop<\/h3>\n\t\t\t\t<div class=\"team-designation\">Roll ups<\/div>\n\t\t\t\t<div class=\"team-content\"><\/div>\n\t\t\t\t\t\t\t<\/div>\n\t\t<\/div>\n\t<\/div>\n<\/div>\n<\/div><\/div><\/div><\/div>","protected":false},"excerpt":{"rendered":"<p>\u00bfTE ENSE\u00d1AMOS LO QUE PODEMOS HACER CON TU EMPRESA? CONT\u00c1CTANOS Y TE MOSTRAREMOS COMO POTENCIAR TU IMAGEN CORPORATIVA \u00bfTe ayudamos [&hellip;]<\/p>\n","protected":false},"author":1,"featured_media":0,"parent":0,"menu_order":0,"comment_status":"closed","ping_status":"closed","template":"page-templates\/full-width.php","meta":{"sfsi_plus_gutenberg_text_before_share":"","sfsi_plus_gutenberg_show_text_before_share":"","sfsi_plus_gutenberg_icon_type":"","sfsi_plus_gutenberg_icon_alignemt":"","sfsi_plus_gutenburg_max_per_row":""},"_links":{"self":[{"href":"https:\/\/ficxa.es\/index.php\/wp-json\/wp\/v2\/pages\/1778"}],"collection":[{"href":"https:\/\/ficxa.es\/index.php\/wp-json\/wp\/v2\/pages"}],"about":[{"href":"https:\/\/ficxa.es\/index.php\/wp-json\/wp\/v2\/types\/page"}],"author":[{"embeddable":true,"href":"https:\/\/ficxa.es\/index.php\/wp-json\/wp\/v2\/users\/1"}],"replies":[{"embeddable":true,"href":"https:\/\/ficxa.es\/index.php\/wp-json\/wp\/v2\/comments?post=1778"}],"version-history":[{"count":15,"href":"https:\/\/ficxa.es\/index.php\/wp-json\/wp\/v2\/pages\/1778\/revisions"}],"predecessor-version":[{"id":2921,"href":"https:\/\/ficxa.es\/index.php\/wp-json\/wp\/v2\/pages\/1778\/revisions\/2921"}],"wp:attachment":[{"href":"https:\/\/ficxa.es\/index.php\/wp-json\/wp\/v2\/media?parent=1778"}],"curies":[{"name":"wp","href":"https:\/\/api.w.org\/{rel}","templated":true}]}}