{"id":1763,"date":"2019-06-05T07:50:56","date_gmt":"2019-06-05T07:50:56","guid":{"rendered":"http:\/\/ficxa.es\/wordpress\/index.php\/banderolas-copy\/"},"modified":"2021-01-28T10:42:45","modified_gmt":"2021-01-28T10:42:45","slug":"vinilos","status":"publish","type":"page","link":"https:\/\/ficxa.es\/index.php\/vinilos\/","title":{"rendered":"VINILOS"},"content":{"rendered":"<div id=\"pl-1763\"  class=\"panel-layout\" ><div id=\"pg-1763-0\"  class=\"panel-grid panel-has-style\" ><div class=\"so-parallax siteorigin-panels-stretch panel-row-style panel-row-style-for-1763-0\" data-stretch-type=\"full\" ><img width=\"1920\" height=\"600\" src=\"https:\/\/ficxa.es\/wp-content\/uploads\/2019\/05\/Fondo-ficxa-b.jpg\" class=\"attachment-full size-full\" alt=\"\" loading=\"eager\" data-siteorigin-parallax=\"true\" srcset=\"https:\/\/ficxa.es\/wp-content\/uploads\/2019\/05\/Fondo-ficxa-b.jpg 1920w, https:\/\/ficxa.es\/wp-content\/uploads\/2019\/05\/Fondo-ficxa-b-300x94.jpg 300w, https:\/\/ficxa.es\/wp-content\/uploads\/2019\/05\/Fondo-ficxa-b-768x240.jpg 768w, https:\/\/ficxa.es\/wp-content\/uploads\/2019\/05\/Fondo-ficxa-b-1024x320.jpg 1024w\" sizes=\"(max-width: 1920px) 100vw, 1920px\" \/><div id=\"pgc-1763-0-0\"  class=\"panel-grid-cell\" ><div id=\"panel-1763-0-0-0\" class=\"so-panel widget widget_themegrill_flash_cta tg-widget call-to-action-section panel-first-child panel-last-child\" data-index=\"0\" ><div class=\"panel-widget-style panel-widget-style-for-1763-0-0-0\" ><div class=\"cta-wrapper call-to-action-section-layout-1\">\n\t<div class=\"section-title-wrapper\">\n\t\t\t\t<h3 class=\"section-title\">\u00bfTE ENSE\u00d1AMOS LO QUE PODEMOS HACER CON TU EMPRESA?<\/h3>\n\t\t\t\t<h4 class=\"section-subtitle\">CONT\u00c1CTANOS Y TE MOSTRAREMOS COMO POTENCIAR TU IMAGEN CORPORATIVA<\/h4>\n\t\t\t<\/div>\n\t\t<div class=\"btn-wrapper\">\n\t\t\t\t<a class=\"btn\" href=\"mailto:ficxa@ficxa.es\">\u00bfTe ayudamos en algo? Cont\u00e1ctanos.<\/a>\n\t\t\t\t\t<\/div>\n\t<\/div>\n<\/div><\/div><\/div><\/div><\/div><div id=\"pg-1763-1\"  class=\"panel-grid panel-has-style\" ><div id=\"clients\" class=\"panel-row-style panel-row-style-for-1763-1\" ><div id=\"pgc-1763-1-0\"  class=\"panel-grid-cell\" ><div id=\"panel-1763-1-0-0\" class=\"so-panel widget widget_themegrill_flash_heading tg-widget section-title-wrapper panel-first-child panel-last-child\" data-index=\"1\" >\t<h3 class=\"section-title\">Vinilos<\/h3>\n\t<div class=\"section-description\">En este apartado nos adaptamos a cualquier dise\u00f1o aportado para hacer realidad lo que imaginan, siempre aportando nuestra experiencia y profesionalidad para llegar al buen fin del proyecto. Existen diferentes vinilos como son monom\u00e9rico o valla, polim\u00e9rico, de fundici\u00f3n, de corte, removible, de impresi\u00f3n, micro perforado, electrost\u00e1tico, glas.<\/div>\n<\/div><\/div><\/div><\/div><div id=\"pg-1763-2\"  class=\"panel-grid panel-no-style\" ><div id=\"pgc-1763-2-0\"  class=\"panel-grid-cell\" ><div id=\"panel-1763-2-0-0\" class=\"so-panel widget widget_themegrill_flash_team tg-widget tg-single-team panel-first-child panel-last-child\" data-index=\"2\" ><div class=\"tg-team-widget tg-team-layout-2\">\n\t<div class=\"team-wrapper\">\n\t\t\t\t<div class=\"team-img\">\n\t\t\t\t\t\t<img src=\"http:\/\/ficxa.es\/wp-content\/uploads\/2019\/04\/cafeteria.jpg\" alt=\"Cafeter\u00eda y Panader\u00eda\"\/>\n\t\t<\/div>\n\t\t\t\t<div class=\"team-content-wrapper\">\n\t\t\t<div class=\"team-desc-wrapper\">\n\t\t\t\t<h3 class=\"team-title\">Cafeter\u00eda y Panader\u00eda<\/h3>\n\t\t\t\t<div class=\"team-designation\">Combinaci\u00f3n de letras corp\u00f3reas de pvc lacado con vinilo de impresi\u00f3n aplicado sobre pvc 3mm.<\/div>\n\t\t\t\t<div class=\"team-content\"><\/div>\n\t\t\t\t\t\t\t<\/div>\n\t\t<\/div>\n\t<\/div>\n<\/div>\n<\/div><\/div><div id=\"pgc-1763-2-1\"  class=\"panel-grid-cell\" ><div id=\"panel-1763-2-1-0\" class=\"so-panel widget widget_themegrill_flash_team tg-widget tg-single-team panel-first-child panel-last-child\" data-index=\"3\" ><div class=\"tg-team-widget tg-team-layout-2\">\n\t<div class=\"team-wrapper\">\n\t\t\t\t<div class=\"team-img\">\n\t\t\t\t\t\t<img src=\"http:\/\/ficxa.es\/wp-content\/uploads\/2019\/04\/vinilo-decorativo.jpg\" alt=\"Cafeter\u00eda\"\/>\n\t\t<\/div>\n\t\t\t\t<div class=\"team-content-wrapper\">\n\t\t\t<div class=\"team-desc-wrapper\">\n\t\t\t\t<h3 class=\"team-title\">Cafeter\u00eda<\/h3>\n\t\t\t\t<div class=\"team-designation\">Vinilo de impresi\u00f3n laminado aplicado sobre pvc 5mm.<\/div>\n\t\t\t\t<div class=\"team-content\"><\/div>\n\t\t\t\t\t\t\t<\/div>\n\t\t<\/div>\n\t<\/div>\n<\/div>\n<\/div><\/div><\/div><div id=\"pg-1763-3\"  class=\"panel-grid panel-no-style\" ><div id=\"pgc-1763-3-0\"  class=\"panel-grid-cell\" ><div id=\"panel-1763-3-0-0\" class=\"so-panel widget widget_themegrill_flash_team tg-widget tg-single-team panel-first-child panel-last-child\" data-index=\"4\" ><div class=\"tg-team-widget tg-team-layout-2\">\n\t<div class=\"team-wrapper\">\n\t\t\t\t<div class=\"team-img\">\n\t\t\t\t\t\t<img src=\"http:\/\/ficxa.es\/wp-content\/uploads\/2019\/03\/impresion-digital_12.jpg\" alt=\"Mcdonals\"\/>\n\t\t<\/div>\n\t\t\t\t<div class=\"team-content-wrapper\">\n\t\t\t<div class=\"team-desc-wrapper\">\n\t\t\t\t<h3 class=\"team-title\">Mcdonals<\/h3>\n\t\t\t\t<div class=\"team-designation\">Vinilo polim\u00e9rico de impresi\u00f3n laminado aplicado directamente a pared.<\/div>\n\t\t\t\t<div class=\"team-content\"><\/div>\n\t\t\t\t\t\t\t<\/div>\n\t\t<\/div>\n\t<\/div>\n<\/div>\n<\/div><\/div><div id=\"pgc-1763-3-1\"  class=\"panel-grid-cell\" ><div id=\"panel-1763-3-1-0\" class=\"so-panel widget widget_themegrill_flash_team tg-widget tg-single-team panel-first-child panel-last-child\" data-index=\"5\" ><div class=\"tg-team-widget tg-team-layout-2\">\n\t<div class=\"team-wrapper\">\n\t\t\t\t<div class=\"team-img\">\n\t\t\t\t\t\t<img src=\"http:\/\/ficxa.es\/wp-content\/uploads\/2019\/02\/interior01_ficxa.jpg\" alt=\"Aquona service\"\/>\n\t\t<\/div>\n\t\t\t\t<div class=\"team-content-wrapper\">\n\t\t\t<div class=\"team-desc-wrapper\">\n\t\t\t\t<h3 class=\"team-title\">Aquona service<\/h3>\n\t\t\t\t<div class=\"team-designation\">Vinilo de impresi\u00f3n laminado aplicado directamente a pared.<\/div>\n\t\t\t\t<div class=\"team-content\"><\/div>\n\t\t\t\t\t\t\t<\/div>\n\t\t<\/div>\n\t<\/div>\n<\/div>\n<\/div><\/div><\/div><div id=\"pg-1763-4\"  class=\"panel-grid panel-no-style\" ><div id=\"pgc-1763-4-0\"  class=\"panel-grid-cell\" ><div id=\"panel-1763-4-0-0\" class=\"so-panel widget widget_themegrill_flash_team tg-widget tg-single-team panel-first-child panel-last-child\" data-index=\"6\" ><div class=\"tg-team-widget tg-team-layout-2\">\n\t<div class=\"team-wrapper\">\n\t\t\t\t<div class=\"team-img\">\n\t\t\t\t\t\t<img src=\"http:\/\/ficxa.es\/wp-content\/uploads\/2019\/04\/casal-faller.jpg\" alt=\"Museo Fallero\"\/>\n\t\t<\/div>\n\t\t\t\t<div class=\"team-content-wrapper\">\n\t\t\t<div class=\"team-desc-wrapper\">\n\t\t\t\t<h3 class=\"team-title\">Museo Fallero<\/h3>\n\t\t\t\t<div class=\"team-designation\">Vinilo de impresi\u00f3n laminado aplicado directamente a pared.<\/div>\n\t\t\t\t<div class=\"team-content\"><\/div>\n\t\t\t\t\t\t\t<\/div>\n\t\t<\/div>\n\t<\/div>\n<\/div>\n<\/div><\/div><div id=\"pgc-1763-4-1\"  class=\"panel-grid-cell\" ><div id=\"panel-1763-4-1-0\" class=\"so-panel widget widget_themegrill_flash_team tg-widget tg-single-team panel-first-child panel-last-child\" data-index=\"7\" ><div class=\"tg-team-widget tg-team-layout-2\">\n\t<div class=\"team-wrapper\">\n\t\t\t\t<div class=\"team-img\">\n\t\t\t\t\t\t<img src=\"http:\/\/ficxa.es\/wp-content\/uploads\/2019\/04\/casal-faller2.jpg\" alt=\"Museo Fallero\"\/>\n\t\t<\/div>\n\t\t\t\t<div class=\"team-content-wrapper\">\n\t\t\t<div class=\"team-desc-wrapper\">\n\t\t\t\t<h3 class=\"team-title\">Museo Fallero<\/h3>\n\t\t\t\t<div class=\"team-designation\">Vinilo de impresi\u00f3n laminado aplicado directamente a pared.<\/div>\n\t\t\t\t<div class=\"team-content\"><\/div>\n\t\t\t\t\t\t\t<\/div>\n\t\t<\/div>\n\t<\/div>\n<\/div>\n<\/div><\/div><\/div><div id=\"pg-1763-5\"  class=\"panel-grid panel-no-style\" ><div id=\"pgc-1763-5-0\"  class=\"panel-grid-cell\" ><div id=\"panel-1763-5-0-0\" class=\"so-panel widget widget_themegrill_flash_team tg-widget tg-single-team panel-first-child panel-last-child\" data-index=\"8\" ><div class=\"tg-team-widget tg-team-layout-2\">\n\t<div class=\"team-wrapper\">\n\t\t\t\t<div class=\"team-img\">\n\t\t\t\t\t\t<img src=\"http:\/\/ficxa.es\/wp-content\/uploads\/2019\/03\/interiorismo33_2.jpg\" alt=\"Biblioteca Alzira\"\/>\n\t\t<\/div>\n\t\t\t\t<div class=\"team-content-wrapper\">\n\t\t\t<div class=\"team-desc-wrapper\">\n\t\t\t\t<h3 class=\"team-title\">Biblioteca Alzira<\/h3>\n\t\t\t\t<div class=\"team-designation\">Vinilo transl\u00facido laminado de impresi\u00f3n, aplicado sobre cristal.<\/div>\n\t\t\t\t<div class=\"team-content\"><\/div>\n\t\t\t\t\t\t\t<\/div>\n\t\t<\/div>\n\t<\/div>\n<\/div>\n<\/div><\/div><div id=\"pgc-1763-5-1\"  class=\"panel-grid-cell\" ><div id=\"panel-1763-5-1-0\" class=\"so-panel widget widget_themegrill_flash_team tg-widget tg-single-team panel-first-child panel-last-child\" data-index=\"9\" ><div class=\"tg-team-widget tg-team-layout-2\">\n\t<div class=\"team-wrapper\">\n\t\t\t\t<div class=\"team-img\">\n\t\t\t\t\t\t<img src=\"http:\/\/ficxa.es\/wp-content\/uploads\/2019\/02\/interior10_ficxa.jpg\" alt=\"Epte inertial concept\"\/>\n\t\t<\/div>\n\t\t\t\t<div class=\"team-content-wrapper\">\n\t\t\t<div class=\"team-desc-wrapper\">\n\t\t\t\t<h3 class=\"team-title\">Epte inertial concept<\/h3>\n\t\t\t\t<div class=\"team-designation\">Vinilo de impresi\u00f3n laminado para stand de feria.<\/div>\n\t\t\t\t<div class=\"team-content\"><\/div>\n\t\t\t\t\t\t\t<\/div>\n\t\t<\/div>\n\t<\/div>\n<\/div>\n<\/div><\/div><\/div><div id=\"pg-1763-6\"  class=\"panel-grid panel-no-style\" ><div id=\"pgc-1763-6-0\"  class=\"panel-grid-cell\" ><div id=\"panel-1763-6-0-0\" class=\"so-panel widget widget_themegrill_flash_team tg-widget tg-single-team panel-first-child panel-last-child\" data-index=\"10\" ><div class=\"tg-team-widget tg-team-layout-2\">\n\t<div class=\"team-wrapper\">\n\t\t\t\t<div class=\"team-img\">\n\t\t\t\t\t\t<img src=\"http:\/\/ficxa.es\/wp-content\/uploads\/2019\/02\/interior02_ficxa.jpg\" alt=\"Sal\u00f3n de juegos\"\/>\n\t\t<\/div>\n\t\t\t\t<div class=\"team-content-wrapper\">\n\t\t\t<div class=\"team-desc-wrapper\">\n\t\t\t\t<h3 class=\"team-title\">Sal\u00f3n de juegos<\/h3>\n\t\t\t\t<div class=\"team-designation\">Vinilo opaco laminado de impresi\u00f3n, aplicado sobre cristal.<\/div>\n\t\t\t\t<div class=\"team-content\"><\/div>\n\t\t\t\t\t\t\t<\/div>\n\t\t<\/div>\n\t<\/div>\n<\/div>\n<\/div><\/div><div id=\"pgc-1763-6-1\"  class=\"panel-grid-cell\" ><div id=\"panel-1763-6-1-0\" class=\"so-panel widget widget_themegrill_flash_team tg-widget tg-single-team panel-first-child panel-last-child\" data-index=\"11\" ><div class=\"tg-team-widget tg-team-layout-2\">\n\t<div class=\"team-wrapper\">\n\t\t\t\t<div class=\"team-img\">\n\t\t\t\t\t\t<img src=\"http:\/\/ficxa.es\/wp-content\/uploads\/2019\/02\/interior05_ficxa.jpg\" alt=\"Interiorismo\"\/>\n\t\t<\/div>\n\t\t\t\t<div class=\"team-content-wrapper\">\n\t\t\t<div class=\"team-desc-wrapper\">\n\t\t\t\t<h3 class=\"team-title\">Interiorismo<\/h3>\n\t\t\t\t<div class=\"team-designation\">Vinilo laminado de impresi\u00f3n aplicado directo a pared.<\/div>\n\t\t\t\t<div class=\"team-content\"><\/div>\n\t\t\t\t\t\t\t<\/div>\n\t\t<\/div>\n\t<\/div>\n<\/div>\n<\/div><\/div><\/div><div id=\"pg-1763-7\"  class=\"panel-grid panel-no-style\" ><div id=\"pgc-1763-7-0\"  class=\"panel-grid-cell\" ><div id=\"panel-1763-7-0-0\" class=\"so-panel widget widget_themegrill_flash_team tg-widget tg-single-team panel-first-child panel-last-child\" data-index=\"12\" ><div class=\"tg-team-widget tg-team-layout-2\">\n\t<div class=\"team-wrapper\">\n\t\t\t\t<div class=\"team-img\">\n\t\t\t\t\t\t<img src=\"http:\/\/ficxa.es\/wp-content\/uploads\/2019\/03\/impresion-digital_11.jpg\" alt=\"Vinilo Corporativo\"\/>\n\t\t<\/div>\n\t\t\t\t<div class=\"team-content-wrapper\">\n\t\t\t<div class=\"team-desc-wrapper\">\n\t\t\t\t<h3 class=\"team-title\">Vinilo Corporativo<\/h3>\n\t\t\t\t<div class=\"team-designation\">Masa de vinilo \u00e1cido con el logo de la empresa troquelado.<\/div>\n\t\t\t\t<div class=\"team-content\"><\/div>\n\t\t\t\t\t\t\t<\/div>\n\t\t<\/div>\n\t<\/div>\n<\/div>\n<\/div><\/div><div id=\"pgc-1763-7-1\"  class=\"panel-grid-cell\" ><div id=\"panel-1763-7-1-0\" class=\"so-panel widget widget_themegrill_flash_team tg-widget tg-single-team panel-first-child panel-last-child\" data-index=\"13\" ><div class=\"tg-team-widget tg-team-layout-2\">\n\t<div class=\"team-wrapper\">\n\t\t\t\t<div class=\"team-img\">\n\t\t\t\t\t\t<img src=\"http:\/\/ficxa.es\/wp-content\/uploads\/2019\/03\/interirismo.jpg\" alt=\"Family cash\"\/>\n\t\t<\/div>\n\t\t\t\t<div class=\"team-content-wrapper\">\n\t\t\t<div class=\"team-desc-wrapper\">\n\t\t\t\t<h3 class=\"team-title\">Family cash<\/h3>\n\t\t\t\t<div class=\"team-designation\">Vinilo laminado de impresi\u00f3n aplicado directo a pared.<\/div>\n\t\t\t\t<div class=\"team-content\"><\/div>\n\t\t\t\t\t\t\t<\/div>\n\t\t<\/div>\n\t<\/div>\n<\/div>\n<\/div><\/div><\/div><div id=\"pg-1763-8\"  class=\"panel-grid panel-no-style\" ><div id=\"pgc-1763-8-0\"  class=\"panel-grid-cell\" ><div id=\"panel-1763-8-0-0\" class=\"so-panel widget widget_themegrill_flash_team tg-widget tg-single-team panel-first-child panel-last-child\" data-index=\"14\" ><div class=\"tg-team-widget tg-team-layout-2\">\n\t<div class=\"team-wrapper\">\n\t\t\t\t<div class=\"team-img\">\n\t\t\t\t\t\t<img src=\"http:\/\/ficxa.es\/wp-content\/uploads\/2019\/03\/interirismo_5.jpg\" alt=\"Ecocultivos\"\/>\n\t\t<\/div>\n\t\t\t\t<div class=\"team-content-wrapper\">\n\t\t\t<div class=\"team-desc-wrapper\">\n\t\t\t\t<h3 class=\"team-title\">Ecocultivos<\/h3>\n\t\t\t\t<div class=\"team-designation\">Logo realizado con vinilo de corte dos colores m\u00e1s vinilo decorativo al \u00e1cido.<\/div>\n\t\t\t\t<div class=\"team-content\"><\/div>\n\t\t\t\t\t\t\t<\/div>\n\t\t<\/div>\n\t<\/div>\n<\/div>\n<\/div><\/div><div id=\"pgc-1763-8-1\"  class=\"panel-grid-cell\" ><div id=\"panel-1763-8-1-0\" class=\"so-panel widget widget_themegrill_flash_team tg-widget tg-single-team panel-first-child panel-last-child\" data-index=\"15\" ><div class=\"tg-team-widget tg-team-layout-2\">\n\t<div class=\"team-wrapper\">\n\t\t\t\t<div class=\"team-img\">\n\t\t\t\t\t\t<img src=\"http:\/\/ficxa.es\/wp-content\/uploads\/2019\/03\/equipo-ficxa_10.jpg\" alt=\"Local Hosteler\u00eda\"\/>\n\t\t<\/div>\n\t\t\t\t<div class=\"team-content-wrapper\">\n\t\t\t<div class=\"team-desc-wrapper\">\n\t\t\t\t<h3 class=\"team-title\">Local Hosteler\u00eda<\/h3>\n\t\t\t\t<div class=\"team-designation\">Imagen realizada en vinilo laminado de impresi\u00f3n alta calidad.<\/div>\n\t\t\t\t<div class=\"team-content\"><\/div>\n\t\t\t\t\t\t\t<\/div>\n\t\t<\/div>\n\t<\/div>\n<\/div>\n<\/div><\/div><\/div><div id=\"pg-1763-9\"  class=\"panel-grid panel-no-style\" ><div id=\"pgc-1763-9-0\"  class=\"panel-grid-cell\" ><div id=\"panel-1763-9-0-0\" class=\"so-panel widget widget_themegrill_flash_team tg-widget tg-single-team panel-first-child panel-last-child\" data-index=\"16\" ><div class=\"tg-team-widget tg-team-layout-2\">\n\t<div class=\"team-wrapper\">\n\t\t\t\t<div class=\"team-img\">\n\t\t\t\t\t\t<img src=\"http:\/\/ficxa.es\/wp-content\/uploads\/2019\/03\/interiorismo33_6.jpg\" alt=\"Local Comercial\"\/>\n\t\t<\/div>\n\t\t\t\t<div class=\"team-content-wrapper\">\n\t\t\t<div class=\"team-desc-wrapper\">\n\t\t\t\t<h3 class=\"team-title\">Local Comercial<\/h3>\n\t\t\t\t<div class=\"team-designation\">Imagen realizada en vinilo laminado de impresi\u00f3n<\/div>\n\t\t\t\t<div class=\"team-content\"><\/div>\n\t\t\t\t\t\t\t<\/div>\n\t\t<\/div>\n\t<\/div>\n<\/div>\n<\/div><\/div><div id=\"pgc-1763-9-1\"  class=\"panel-grid-cell\" ><div id=\"panel-1763-9-1-0\" class=\"so-panel widget widget_themegrill_flash_team tg-widget tg-single-team panel-first-child panel-last-child\" data-index=\"17\" ><div class=\"tg-team-widget tg-team-layout-2\">\n\t<div class=\"team-wrapper\">\n\t\t\t\t<div class=\"team-img\">\n\t\t\t\t\t\t<img src=\"http:\/\/ficxa.es\/wp-content\/uploads\/2019\/02\/interior12_ficxa.jpg\" alt=\"Family Cash\"\/>\n\t\t<\/div>\n\t\t\t\t<div class=\"team-content-wrapper\">\n\t\t\t<div class=\"team-desc-wrapper\">\n\t\t\t\t<h3 class=\"team-title\">Family Cash<\/h3>\n\t\t\t\t<div class=\"team-designation\">Vinilo laminado aplicado sobre pvc 5 mm.<\/div>\n\t\t\t\t<div class=\"team-content\"><\/div>\n\t\t\t\t\t\t\t<\/div>\n\t\t<\/div>\n\t<\/div>\n<\/div>\n<\/div><\/div><\/div><div id=\"pg-1763-10\"  class=\"panel-grid panel-no-style\" ><div id=\"pgc-1763-10-0\"  class=\"panel-grid-cell panel-grid-cell-mobile-last\" ><div id=\"panel-1763-10-0-0\" class=\"so-panel widget widget_themegrill_flash_team tg-widget tg-single-team panel-first-child panel-last-child\" data-index=\"18\" ><div class=\"tg-team-widget tg-team-layout-2\">\n\t<div class=\"team-wrapper\">\n\t\t\t\t<div class=\"team-img\">\n\t\t\t\t\t\t<img src=\"http:\/\/ficxa.es\/wp-content\/uploads\/2019\/06\/vinilo-cerramiento.jpg\" alt=\"Macdonald&#039;s\"\/>\n\t\t<\/div>\n\t\t\t\t<div class=\"team-content-wrapper\">\n\t\t\t<div class=\"team-desc-wrapper\">\n\t\t\t\t<h3 class=\"team-title\">Macdonald&#039;s<\/h3>\n\t\t\t\t<div class=\"team-designation\">Vinilo monom\u00e9rico de impresi\u00f3n destinado a cerramiento local para reforma.<\/div>\n\t\t\t\t<div class=\"team-content\"><\/div>\n\t\t\t\t\t\t\t<\/div>\n\t\t<\/div>\n\t<\/div>\n<\/div>\n<\/div><\/div><div id=\"pgc-1763-10-1\"  class=\"panel-grid-cell panel-grid-cell-empty\" ><\/div><\/div><\/div>","protected":false},"excerpt":{"rendered":"<p>\u00bfTE ENSE\u00d1AMOS LO QUE PODEMOS HACER CON TU EMPRESA? CONT\u00c1CTANOS Y TE MOSTRAREMOS COMO POTENCIAR TU IMAGEN CORPORATIVA \u00bfTe ayudamos [&hellip;]<\/p>\n","protected":false},"author":1,"featured_media":0,"parent":0,"menu_order":0,"comment_status":"closed","ping_status":"closed","template":"page-templates\/full-width.php","meta":{"sfsi_plus_gutenberg_text_before_share":"","sfsi_plus_gutenberg_show_text_before_share":"","sfsi_plus_gutenberg_icon_type":"","sfsi_plus_gutenberg_icon_alignemt":"","sfsi_plus_gutenburg_max_per_row":""},"_links":{"self":[{"href":"https:\/\/ficxa.es\/index.php\/wp-json\/wp\/v2\/pages\/1763"}],"collection":[{"href":"https:\/\/ficxa.es\/index.php\/wp-json\/wp\/v2\/pages"}],"about":[{"href":"https:\/\/ficxa.es\/index.php\/wp-json\/wp\/v2\/types\/page"}],"author":[{"embeddable":true,"href":"https:\/\/ficxa.es\/index.php\/wp-json\/wp\/v2\/users\/1"}],"replies":[{"embeddable":true,"href":"https:\/\/ficxa.es\/index.php\/wp-json\/wp\/v2\/comments?post=1763"}],"version-history":[{"count":12,"href":"https:\/\/ficxa.es\/index.php\/wp-json\/wp\/v2\/pages\/1763\/revisions"}],"predecessor-version":[{"id":2900,"href":"https:\/\/ficxa.es\/index.php\/wp-json\/wp\/v2\/pages\/1763\/revisions\/2900"}],"wp:attachment":[{"href":"https:\/\/ficxa.es\/index.php\/wp-json\/wp\/v2\/media?parent=1763"}],"curies":[{"name":"wp","href":"https:\/\/api.w.org\/{rel}","templated":true}]}}