{"id":1750,"date":"2019-06-05T07:06:23","date_gmt":"2019-06-05T07:06:23","guid":{"rendered":"http:\/\/ficxa.es\/wordpress\/index.php\/banderolas-copy\/"},"modified":"2021-01-28T10:59:59","modified_gmt":"2021-01-28T10:59:59","slug":"fachadas","status":"publish","type":"page","link":"https:\/\/ficxa.es\/index.php\/fachadas\/","title":{"rendered":"FORRADO DE FACHADAS"},"content":{"rendered":"<div id=\"pl-1750\"  class=\"panel-layout\" ><div id=\"pg-1750-0\"  class=\"panel-grid panel-has-style\" ><div class=\"so-parallax siteorigin-panels-stretch panel-row-style panel-row-style-for-1750-0\" data-stretch-type=\"full\" ><img width=\"1920\" height=\"600\" src=\"https:\/\/ficxa.es\/wp-content\/uploads\/2019\/05\/Fondo-ficxa-b.jpg\" class=\"attachment-full size-full\" alt=\"\" loading=\"eager\" data-siteorigin-parallax=\"true\" srcset=\"https:\/\/ficxa.es\/wp-content\/uploads\/2019\/05\/Fondo-ficxa-b.jpg 1920w, https:\/\/ficxa.es\/wp-content\/uploads\/2019\/05\/Fondo-ficxa-b-300x94.jpg 300w, https:\/\/ficxa.es\/wp-content\/uploads\/2019\/05\/Fondo-ficxa-b-768x240.jpg 768w, https:\/\/ficxa.es\/wp-content\/uploads\/2019\/05\/Fondo-ficxa-b-1024x320.jpg 1024w\" sizes=\"(max-width: 1920px) 100vw, 1920px\" \/><div id=\"pgc-1750-0-0\"  class=\"panel-grid-cell\" ><div id=\"panel-1750-0-0-0\" class=\"so-panel widget widget_themegrill_flash_cta tg-widget call-to-action-section panel-first-child panel-last-child\" data-index=\"0\" ><div class=\"panel-widget-style panel-widget-style-for-1750-0-0-0\" ><div class=\"cta-wrapper call-to-action-section-layout-1\">\n\t<div class=\"section-title-wrapper\">\n\t\t\t\t<h3 class=\"section-title\">\u00bfTE ENSE\u00d1AMOS LO QUE PODEMOS HACER CON TU EMPRESA?<\/h3>\n\t\t\t\t<h4 class=\"section-subtitle\">CONT\u00c1CTANOS Y TE MOSTRAREMOS COMO POTENCIAR TU IMAGEN CORPORATIVA<\/h4>\n\t\t\t<\/div>\n\t\t<div class=\"btn-wrapper\">\n\t\t\t\t<a class=\"btn\" href=\"mailto:ficxa@ficxa.es\">\u00bfTe ayudamos en algo? Cont\u00e1ctanos.<\/a>\n\t\t\t\t\t<\/div>\n\t<\/div>\n<\/div><\/div><\/div><\/div><\/div><div id=\"pg-1750-1\"  class=\"panel-grid panel-has-style\" ><div id=\"clients\" class=\"panel-row-style panel-row-style-for-1750-1\" ><div id=\"pgc-1750-1-0\"  class=\"panel-grid-cell\" ><div id=\"panel-1750-1-0-0\" class=\"so-panel widget widget_themegrill_flash_heading tg-widget section-title-wrapper panel-first-child panel-last-child\" data-index=\"1\" >\t<h3 class=\"section-title\">FORRADO DE FACHADAS<\/h3>\n\t<div class=\"section-description\">Si lo que se pretende es dar una imagen m\u00e1s moderna, innovadora y elegante a su negocio, puede optar por el revestimiento de su fachada con panel de composite y complementarlo con el r\u00f3tulo que m\u00e1s se adecue a su imagen corporativa. Este panel de composite es un material ligero, f\u00e1cilmente mecanizable y reciclable. Dispone de una amplia gama de aspectos, de tintas y de acabados. Su superficie lacada en poli\u00e9ster resistente a lo UV y a la intemperie.<\/div>\n<\/div><\/div><\/div><\/div><div id=\"pg-1750-2\"  class=\"panel-grid panel-no-style\" ><div id=\"pgc-1750-2-0\"  class=\"panel-grid-cell\" ><div id=\"panel-1750-2-0-0\" class=\"so-panel widget widget_themegrill_flash_team tg-widget tg-single-team panel-first-child panel-last-child\" data-index=\"2\" ><div class=\"tg-team-widget tg-team-layout-2\">\n\t<div class=\"team-wrapper\">\n\t\t\t\t<div class=\"team-img\">\n\t\t\t\t\t\t<img src=\"http:\/\/ficxa.es\/wp-content\/uploads\/2019\/03\/corporeos33_14.jpg\" alt=\"Yi Fang\"\/>\n\t\t<\/div>\n\t\t\t\t<div class=\"team-content-wrapper\">\n\t\t\t<div class=\"team-desc-wrapper\">\n\t\t\t\t<h3 class=\"team-title\">Yi Fang<\/h3>\n\t\t\t\t<div class=\"team-designation\">Forrado de fachada integral en composite y corp\u00f3reo de letras de aluminio con frontal de metacrilato con luz interior.<\/div>\n\t\t\t\t<div class=\"team-content\"><\/div>\n\t\t\t\t\t\t\t<\/div>\n\t\t<\/div>\n\t<\/div>\n<\/div>\n<\/div><\/div><div id=\"pgc-1750-2-1\"  class=\"panel-grid-cell\" ><div id=\"panel-1750-2-1-0\" class=\"so-panel widget widget_themegrill_flash_team tg-widget tg-single-team panel-first-child panel-last-child\" data-index=\"3\" ><div class=\"tg-team-widget tg-team-layout-2\">\n\t<div class=\"team-wrapper\">\n\t\t\t\t<div class=\"team-img\">\n\t\t\t\t\t\t<img src=\"http:\/\/ficxa.es\/wp-content\/uploads\/2019\/03\/corporeos33_13.jpg\" alt=\"Embal Pack Levante s.l.\"\/>\n\t\t<\/div>\n\t\t\t\t<div class=\"team-content-wrapper\">\n\t\t\t<div class=\"team-desc-wrapper\">\n\t\t\t\t<h3 class=\"team-title\">Embal Pack Levante s.l.<\/h3>\n\t\t\t\t<div class=\"team-designation\">Corp\u00f3reo de composite vinilado con colores corporativos<\/div>\n\t\t\t\t<div class=\"team-content\"><\/div>\n\t\t\t\t\t\t\t<\/div>\n\t\t<\/div>\n\t<\/div>\n<\/div>\n<\/div><\/div><\/div><div id=\"pg-1750-3\"  class=\"panel-grid panel-no-style\" ><div id=\"pgc-1750-3-0\"  class=\"panel-grid-cell\" ><div id=\"panel-1750-3-0-0\" class=\"so-panel widget widget_themegrill_flash_team tg-widget tg-single-team panel-first-child panel-last-child\" data-index=\"4\" ><div class=\"tg-team-widget tg-team-layout-2\">\n\t<div class=\"team-wrapper\">\n\t\t\t\t<div class=\"team-img\">\n\t\t\t\t\t\t<img src=\"http:\/\/ficxa.es\/wp-content\/uploads\/2019\/06\/Forrado-fachadas.jpg\" alt=\"Viveros Arlandis\"\/>\n\t\t<\/div>\n\t\t\t\t<div class=\"team-content-wrapper\">\n\t\t\t<div class=\"team-desc-wrapper\">\n\t\t\t\t<h3 class=\"team-title\">Viveros Arlandis<\/h3>\n\t\t\t\t<div class=\"team-designation\">Forrado de fachada<\/div>\n\t\t\t\t<div class=\"team-content\"><\/div>\n\t\t\t\t\t\t\t<\/div>\n\t\t<\/div>\n\t<\/div>\n<\/div>\n<\/div><\/div><div id=\"pgc-1750-3-1\"  class=\"panel-grid-cell\" ><div id=\"panel-1750-3-1-0\" class=\"so-panel widget widget_themegrill_flash_team tg-widget tg-single-team panel-first-child panel-last-child\" data-index=\"5\" ><div class=\"tg-team-widget tg-team-layout-2\">\n\t<div class=\"team-wrapper\">\n\t\t\t\t<div class=\"team-img\">\n\t\t\t\t\t\t<img src=\"http:\/\/ficxa.es\/wp-content\/uploads\/2019\/06\/Forrado-fachadas-3.jpg\" alt=\"Luckia\"\/>\n\t\t<\/div>\n\t\t\t\t<div class=\"team-content-wrapper\">\n\t\t\t<div class=\"team-desc-wrapper\">\n\t\t\t\t<h3 class=\"team-title\">Luckia<\/h3>\n\t\t\t\t<div class=\"team-designation\">Forrado de fachada<\/div>\n\t\t\t\t<div class=\"team-content\"><\/div>\n\t\t\t\t\t\t\t<\/div>\n\t\t<\/div>\n\t<\/div>\n<\/div>\n<\/div><\/div><\/div><div id=\"pg-1750-4\"  class=\"panel-grid panel-no-style\" ><div id=\"pgc-1750-4-0\"  class=\"panel-grid-cell\" ><div id=\"panel-1750-4-0-0\" class=\"so-panel widget widget_themegrill_flash_team tg-widget tg-single-team panel-first-child panel-last-child\" data-index=\"6\" ><div class=\"tg-team-widget tg-team-layout-2\">\n\t<div class=\"team-wrapper\">\n\t\t\t\t<div class=\"team-img\">\n\t\t\t\t\t\t<img src=\"http:\/\/ficxa.es\/wp-content\/uploads\/2019\/04\/forrado-fachadas-02.jpg\" alt=\"Monsolar\"\/>\n\t\t<\/div>\n\t\t\t\t<div class=\"team-content-wrapper\">\n\t\t\t<div class=\"team-desc-wrapper\">\n\t\t\t\t<h3 class=\"team-title\">Monsolar<\/h3>\n\t\t\t\t<div class=\"team-designation\">Forrado de fachada<\/div>\n\t\t\t\t<div class=\"team-content\"><\/div>\n\t\t\t\t\t\t\t<\/div>\n\t\t<\/div>\n\t<\/div>\n<\/div>\n<\/div><\/div><div id=\"pgc-1750-4-1\"  class=\"panel-grid-cell\" ><div id=\"panel-1750-4-1-0\" class=\"so-panel widget widget_themegrill_flash_team tg-widget tg-single-team panel-first-child panel-last-child\" data-index=\"7\" ><div class=\"tg-team-widget tg-team-layout-2\">\n\t<div class=\"team-wrapper\">\n\t\t\t\t<div class=\"team-img\">\n\t\t\t\t\t\t<img src=\"http:\/\/ficxa.es\/wp-content\/uploads\/2019\/06\/Forrado-fachadas-2.jpg\" alt=\"Monsolar\"\/>\n\t\t<\/div>\n\t\t\t\t<div class=\"team-content-wrapper\">\n\t\t\t<div class=\"team-desc-wrapper\">\n\t\t\t\t<h3 class=\"team-title\">Monsolar<\/h3>\n\t\t\t\t<div class=\"team-designation\">Forrado de fachada<\/div>\n\t\t\t\t<div class=\"team-content\"><\/div>\n\t\t\t\t\t\t\t<\/div>\n\t\t<\/div>\n\t<\/div>\n<\/div>\n<\/div><\/div><\/div><div id=\"pg-1750-5\"  class=\"panel-grid panel-no-style\" ><div id=\"pgc-1750-5-0\"  class=\"panel-grid-cell\" ><div id=\"panel-1750-5-0-0\" class=\"so-panel widget widget_themegrill_flash_team tg-widget tg-single-team panel-first-child panel-last-child\" data-index=\"8\" ><div class=\"tg-team-widget tg-team-layout-2\">\n\t<div class=\"team-wrapper\">\n\t\t\t\t<div class=\"team-img\">\n\t\t\t\t\t\t<img src=\"http:\/\/ficxa.es\/wp-content\/uploads\/2019\/06\/Forrado-fachadas-4.jpg\" alt=\"Dream store\"\/>\n\t\t<\/div>\n\t\t\t\t<div class=\"team-content-wrapper\">\n\t\t\t<div class=\"team-desc-wrapper\">\n\t\t\t\t<h3 class=\"team-title\">Dream store<\/h3>\n\t\t\t\t<div class=\"team-designation\">Forrado de fachada<\/div>\n\t\t\t\t<div class=\"team-content\"><\/div>\n\t\t\t\t\t\t\t<\/div>\n\t\t<\/div>\n\t<\/div>\n<\/div>\n<\/div><\/div><div id=\"pgc-1750-5-1\"  class=\"panel-grid-cell\" ><div id=\"panel-1750-5-1-0\" class=\"so-panel widget widget_themegrill_flash_team tg-widget tg-single-team panel-first-child panel-last-child\" data-index=\"9\" ><div class=\"tg-team-widget tg-team-layout-2\">\n\t<div class=\"team-wrapper\">\n\t\t\t\t<div class=\"team-img\">\n\t\t\t\t\t\t<img src=\"http:\/\/ficxa.es\/wp-content\/uploads\/2019\/06\/Forrado-fachadas-5.jpg\" alt=\"Tot per al cavall\"\/>\n\t\t<\/div>\n\t\t\t\t<div class=\"team-content-wrapper\">\n\t\t\t<div class=\"team-desc-wrapper\">\n\t\t\t\t<h3 class=\"team-title\">Tot per al cavall<\/h3>\n\t\t\t\t<div class=\"team-designation\">Forrado de fachada<\/div>\n\t\t\t\t<div class=\"team-content\"><\/div>\n\t\t\t\t\t\t\t<\/div>\n\t\t<\/div>\n\t<\/div>\n<\/div>\n<\/div><\/div><\/div><\/div>","protected":false},"excerpt":{"rendered":"<p>\u00bfTE ENSE\u00d1AMOS LO QUE PODEMOS HACER CON TU EMPRESA? CONT\u00c1CTANOS Y TE MOSTRAREMOS COMO POTENCIAR TU IMAGEN CORPORATIVA \u00bfTe ayudamos [&hellip;]<\/p>\n","protected":false},"author":1,"featured_media":0,"parent":0,"menu_order":0,"comment_status":"closed","ping_status":"closed","template":"page-templates\/full-width.php","meta":{"sfsi_plus_gutenberg_text_before_share":"","sfsi_plus_gutenberg_show_text_before_share":"","sfsi_plus_gutenberg_icon_type":"","sfsi_plus_gutenberg_icon_alignemt":"","sfsi_plus_gutenburg_max_per_row":""},"_links":{"self":[{"href":"https:\/\/ficxa.es\/index.php\/wp-json\/wp\/v2\/pages\/1750"}],"collection":[{"href":"https:\/\/ficxa.es\/index.php\/wp-json\/wp\/v2\/pages"}],"about":[{"href":"https:\/\/ficxa.es\/index.php\/wp-json\/wp\/v2\/types\/page"}],"author":[{"embeddable":true,"href":"https:\/\/ficxa.es\/index.php\/wp-json\/wp\/v2\/users\/1"}],"replies":[{"embeddable":true,"href":"https:\/\/ficxa.es\/index.php\/wp-json\/wp\/v2\/comments?post=1750"}],"version-history":[{"count":7,"href":"https:\/\/ficxa.es\/index.php\/wp-json\/wp\/v2\/pages\/1750\/revisions"}],"predecessor-version":[{"id":2911,"href":"https:\/\/ficxa.es\/index.php\/wp-json\/wp\/v2\/pages\/1750\/revisions\/2911"}],"wp:attachment":[{"href":"https:\/\/ficxa.es\/index.php\/wp-json\/wp\/v2\/media?parent=1750"}],"curies":[{"name":"wp","href":"https:\/\/api.w.org\/{rel}","templated":true}]}}