{"id":1583,"date":"2019-05-29T07:38:07","date_gmt":"2019-05-29T07:38:07","guid":{"rendered":"http:\/\/ficxa.es\/wordpress\/index.php\/monopostes-copy\/"},"modified":"2021-01-28T09:03:04","modified_gmt":"2021-01-28T09:03:04","slug":"vallas","status":"publish","type":"page","link":"https:\/\/ficxa.es\/index.php\/vallas\/","title":{"rendered":"VALLAS PUBLICITARIAS"},"content":{"rendered":"<div id=\"pl-1583\"  class=\"panel-layout\" ><div id=\"pg-1583-0\"  class=\"panel-grid panel-has-style\" ><div class=\"so-parallax siteorigin-panels-stretch panel-row-style panel-row-style-for-1583-0\" data-stretch-type=\"full\" ><img width=\"1920\" height=\"600\" src=\"https:\/\/ficxa.es\/wp-content\/uploads\/2019\/05\/fondo-ficxa-sn.jpg\" class=\"attachment-full size-full\" alt=\"\" loading=\"eager\" data-siteorigin-parallax=\"true\" srcset=\"https:\/\/ficxa.es\/wp-content\/uploads\/2019\/05\/fondo-ficxa-sn.jpg 1920w, https:\/\/ficxa.es\/wp-content\/uploads\/2019\/05\/fondo-ficxa-sn-300x94.jpg 300w, https:\/\/ficxa.es\/wp-content\/uploads\/2019\/05\/fondo-ficxa-sn-768x240.jpg 768w, https:\/\/ficxa.es\/wp-content\/uploads\/2019\/05\/fondo-ficxa-sn-1024x320.jpg 1024w\" sizes=\"(max-width: 1920px) 100vw, 1920px\" \/><div id=\"pgc-1583-0-0\"  class=\"panel-grid-cell\" ><div id=\"panel-1583-0-0-0\" class=\"so-panel widget widget_themegrill_flash_cta tg-widget call-to-action-section panel-first-child panel-last-child\" data-index=\"0\" ><div class=\"panel-widget-style panel-widget-style-for-1583-0-0-0\" ><div class=\"cta-wrapper call-to-action-section-layout-1\">\n\t<div class=\"section-title-wrapper\">\n\t\t\t\t<h3 class=\"section-title\">\u00bfTE ENSE\u00d1AMOS LO QUE PODEMOS HACER CON TU EMPRESA?<\/h3>\n\t\t\t\t<h4 class=\"section-subtitle\">CONT\u00c1CTANOS Y TE MOSTRAREMOS COMO POTENCIAR TU IMAGEN CORPORATIVA<\/h4>\n\t\t\t<\/div>\n\t\t<div class=\"btn-wrapper\">\n\t\t\t\t<a class=\"btn\" href=\"mailto:ficxa@ficxa.es\">\u00bfTe ayudamos en algo? Cont\u00e1ctanos.<\/a>\n\t\t\t\t\t<\/div>\n\t<\/div>\n<\/div><\/div><\/div><\/div><\/div><div id=\"pg-1583-1\"  class=\"panel-grid panel-has-style\" ><div id=\"clients\" class=\"panel-row-style panel-row-style-for-1583-1\" ><div id=\"pgc-1583-1-0\"  class=\"panel-grid-cell\" ><div id=\"panel-1583-1-0-0\" class=\"so-panel widget widget_themegrill_flash_heading tg-widget section-title-wrapper panel-first-child panel-last-child\" data-index=\"1\" >\t<h3 class=\"section-title\">Vallas Publicitarias<\/h3>\n\t<div class=\"section-description\">La publicidad mediante las vallas exteriores son una muy buena opci\u00f3n si lo que queremos es llegar al mayor n\u00famero de personas posibles y al menor coste. Se trata de un medio que resulta rentable por su bajo coste respecto a otros medios publicitarios. Si tenemos en cuenta las veces que ser\u00e1 visto o le\u00eddo nuestro mensaje a lo largo del d\u00eda, la rentabilidad est\u00e1 m\u00e1s que asegurada, y eso es precisamente lo que buscamos, mayor productividad al m\u00ednimo coste.<\/div>\n<\/div><\/div><\/div><\/div><div id=\"pg-1583-2\"  class=\"panel-grid panel-no-style\" ><div id=\"pgc-1583-2-0\"  class=\"panel-grid-cell\" ><div id=\"panel-1583-2-0-0\" class=\"so-panel widget widget_themegrill_flash_team tg-widget tg-single-team panel-first-child panel-last-child\" data-index=\"2\" ><div class=\"tg-team-widget tg-team-layout-2\">\n\t<div class=\"team-wrapper\">\n\t\t\t\t<div class=\"team-img\">\n\t\t\t\t\t\t<img src=\"http:\/\/ficxa.es\/wp-content\/uploads\/2019\/02\/Rex-natura_ficxa.jpg\" alt=\"Grupo Rex\"\/>\n\t\t<\/div>\n\t\t\t\t<div class=\"team-content-wrapper\">\n\t\t\t<div class=\"team-desc-wrapper\">\n\t\t\t\t<h3 class=\"team-title\">Grupo Rex<\/h3>\n\t\t\t\t<div class=\"team-designation\">Valla publicitaria, lona frontlit impresi\u00f3n alta resoluci\u00f3n.<\/div>\n\t\t\t\t<div class=\"team-content\"><\/div>\n\t\t\t\t\t\t\t<\/div>\n\t\t<\/div>\n\t<\/div>\n<\/div>\n<\/div><\/div><div id=\"pgc-1583-2-1\"  class=\"panel-grid-cell\" ><div id=\"panel-1583-2-1-0\" class=\"so-panel widget widget_themegrill_flash_team tg-widget tg-single-team panel-first-child panel-last-child\" data-index=\"3\" ><div class=\"tg-team-widget tg-team-layout-2\">\n\t<div class=\"team-wrapper\">\n\t\t\t\t<div class=\"team-img\">\n\t\t\t\t\t\t<img src=\"http:\/\/ficxa.es\/wp-content\/uploads\/2019\/03\/impresion-digital_4.jpg\" alt=\"Rexnatura\"\/>\n\t\t<\/div>\n\t\t\t\t<div class=\"team-content-wrapper\">\n\t\t\t<div class=\"team-desc-wrapper\">\n\t\t\t\t<h3 class=\"team-title\">Rexnatura<\/h3>\n\t\t\t\t<div class=\"team-designation\">Impresi\u00f3n valla publicit\u00e1ria<\/div>\n\t\t\t\t<div class=\"team-content\"><\/div>\n\t\t\t\t\t\t\t<\/div>\n\t\t<\/div>\n\t<\/div>\n<\/div>\n<\/div><\/div><\/div><div id=\"pg-1583-3\"  class=\"panel-grid panel-no-style\" ><div id=\"pgc-1583-3-0\"  class=\"panel-grid-cell\" ><div id=\"panel-1583-3-0-0\" class=\"so-panel widget widget_themegrill_flash_team tg-widget tg-single-team panel-first-child panel-last-child\" data-index=\"4\" ><div class=\"tg-team-widget tg-team-layout-2\">\n\t<div class=\"team-wrapper\">\n\t\t\t\t<div class=\"team-img\">\n\t\t\t\t\t\t<img src=\"https:\/\/ficxa.es\/wp-content\/uploads\/2019\/06\/vallas-07.jpg\" alt=\"Locales comerciales\"\/>\n\t\t<\/div>\n\t\t\t\t<div class=\"team-content-wrapper\">\n\t\t\t<div class=\"team-desc-wrapper\">\n\t\t\t\t<h3 class=\"team-title\">Locales comerciales<\/h3>\n\t\t\t\t<div class=\"team-designation\">Valla con frontlite impresa en alta resoluci\u00f3n.<\/div>\n\t\t\t\t<div class=\"team-content\"><\/div>\n\t\t\t\t\t\t\t<\/div>\n\t\t<\/div>\n\t<\/div>\n<\/div>\n<\/div><\/div><div id=\"pgc-1583-3-1\"  class=\"panel-grid-cell\" ><div id=\"panel-1583-3-1-0\" class=\"so-panel widget widget_themegrill_flash_team tg-widget tg-single-team panel-first-child panel-last-child\" data-index=\"5\" ><div class=\"tg-team-widget tg-team-layout-2\">\n\t<div class=\"team-wrapper\">\n\t\t\t\t<div class=\"team-img\">\n\t\t\t\t\t\t<img src=\"https:\/\/ficxa.es\/wp-content\/uploads\/2019\/06\/vallas-06.jpg\" alt=\"Onofre residencial\"\/>\n\t\t<\/div>\n\t\t\t\t<div class=\"team-content-wrapper\">\n\t\t\t<div class=\"team-desc-wrapper\">\n\t\t\t\t<h3 class=\"team-title\">Onofre residencial<\/h3>\n\t\t\t\t<div class=\"team-designation\">Valla publicitaria, impresi\u00f3n alta resoluci\u00f3n.<\/div>\n\t\t\t\t<div class=\"team-content\"><\/div>\n\t\t\t\t\t\t\t<\/div>\n\t\t<\/div>\n\t<\/div>\n<\/div>\n<\/div><\/div><\/div><div id=\"pg-1583-4\"  class=\"panel-grid panel-no-style\" ><div id=\"pgc-1583-4-0\"  class=\"panel-grid-cell\" ><div id=\"panel-1583-4-0-0\" class=\"so-panel widget widget_themegrill_flash_team tg-widget tg-single-team panel-first-child panel-last-child\" data-index=\"6\" ><div class=\"tg-team-widget tg-team-layout-2\">\n\t<div class=\"team-wrapper\">\n\t\t\t\t<div class=\"team-img\">\n\t\t\t\t\t\t<img src=\"https:\/\/ficxa.es\/wp-content\/uploads\/2019\/06\/vallas-05.jpg\" alt=\"Muebles Biodo\"\/>\n\t\t<\/div>\n\t\t\t\t<div class=\"team-content-wrapper\">\n\t\t\t<div class=\"team-desc-wrapper\">\n\t\t\t\t<h3 class=\"team-title\">Muebles Biodo<\/h3>\n\t\t\t\t<div class=\"team-designation\">Valla impresa en alta resoluci\u00f3n.<\/div>\n\t\t\t\t<div class=\"team-content\"><\/div>\n\t\t\t\t\t\t\t<\/div>\n\t\t<\/div>\n\t<\/div>\n<\/div>\n<\/div><\/div><div id=\"pgc-1583-4-1\"  class=\"panel-grid-cell\" ><div id=\"panel-1583-4-1-0\" class=\"so-panel widget widget_themegrill_flash_team tg-widget tg-single-team panel-first-child panel-last-child\" data-index=\"7\" ><div class=\"tg-team-widget tg-team-layout-2\">\n\t<div class=\"team-wrapper\">\n\t\t\t\t<div class=\"team-img\">\n\t\t\t\t\t\t<img src=\"https:\/\/ficxa.es\/wp-content\/uploads\/2019\/06\/vallas-04.jpg\" alt=\"Grupo inmobiliario\"\/>\n\t\t<\/div>\n\t\t\t\t<div class=\"team-content-wrapper\">\n\t\t\t<div class=\"team-desc-wrapper\">\n\t\t\t\t<h3 class=\"team-title\">Grupo inmobiliario<\/h3>\n\t\t\t\t<div class=\"team-designation\">Valla publicitaria, impresi\u00f3n alta resoluci\u00f3n.<\/div>\n\t\t\t\t<div class=\"team-content\"><\/div>\n\t\t\t\t\t\t\t<\/div>\n\t\t<\/div>\n\t<\/div>\n<\/div>\n<\/div><\/div><\/div><div id=\"pg-1583-5\"  class=\"panel-grid panel-no-style\" ><div id=\"pgc-1583-5-0\"  class=\"panel-grid-cell\" ><div id=\"panel-1583-5-0-0\" class=\"so-panel widget widget_themegrill_flash_team tg-widget tg-single-team panel-first-child panel-last-child\" data-index=\"8\" ><div class=\"tg-team-widget tg-team-layout-2\">\n\t<div class=\"team-wrapper\">\n\t\t\t\t<div class=\"team-img\">\n\t\t\t\t\t\t<img src=\"https:\/\/ficxa.es\/wp-content\/uploads\/2019\/06\/vallas-03.jpg\" alt=\"Zasmobel\"\/>\n\t\t<\/div>\n\t\t\t\t<div class=\"team-content-wrapper\">\n\t\t\t<div class=\"team-desc-wrapper\">\n\t\t\t\t<h3 class=\"team-title\">Zasmobel<\/h3>\n\t\t\t\t<div class=\"team-designation\">Valla grandes dimensiones impresa en alta resoluci\u00f3n.<\/div>\n\t\t\t\t<div class=\"team-content\"><\/div>\n\t\t\t\t\t\t\t<\/div>\n\t\t<\/div>\n\t<\/div>\n<\/div>\n<\/div><\/div><div id=\"pgc-1583-5-1\"  class=\"panel-grid-cell\" ><div id=\"panel-1583-5-1-0\" class=\"so-panel widget widget_themegrill_flash_team tg-widget tg-single-team panel-first-child panel-last-child\" data-index=\"9\" ><div class=\"tg-team-widget tg-team-layout-2\">\n\t<div class=\"team-wrapper\">\n\t\t\t\t<div class=\"team-img\">\n\t\t\t\t\t\t<img src=\"https:\/\/ficxa.es\/wp-content\/uploads\/2019\/06\/vallas-01.jpg\" alt=\"Balnearia\"\/>\n\t\t<\/div>\n\t\t\t\t<div class=\"team-content-wrapper\">\n\t\t\t<div class=\"team-desc-wrapper\">\n\t\t\t\t<h3 class=\"team-title\">Balnearia<\/h3>\n\t\t\t\t<div class=\"team-designation\">Valla publicitaria, impresi\u00f3n alta resoluci\u00f3n.<\/div>\n\t\t\t\t<div class=\"team-content\"><\/div>\n\t\t\t\t\t\t\t<\/div>\n\t\t<\/div>\n\t<\/div>\n<\/div>\n<\/div><\/div><\/div><div id=\"pg-1583-6\"  class=\"panel-grid panel-no-style\" ><div id=\"pgc-1583-6-0\"  class=\"panel-grid-cell\" ><div id=\"panel-1583-6-0-0\" class=\"so-panel widget widget_themegrill_flash_team tg-widget tg-single-team panel-first-child panel-last-child\" data-index=\"10\" ><div class=\"tg-team-widget tg-team-layout-2\">\n\t<div class=\"team-wrapper\">\n\t\t\t\t<div class=\"team-img\">\n\t\t\t\t\t\t<img src=\"https:\/\/ficxa.es\/wp-content\/uploads\/2019\/06\/vallas-02.jpg\" alt=\"Huerto de Yvancos\"\/>\n\t\t<\/div>\n\t\t\t\t<div class=\"team-content-wrapper\">\n\t\t\t<div class=\"team-desc-wrapper\">\n\t\t\t\t<h3 class=\"team-title\">Huerto de Yvancos<\/h3>\n\t\t\t\t<div class=\"team-designation\">Valla grandes dimensiones impresa en alta resoluci\u00f3n.<\/div>\n\t\t\t\t<div class=\"team-content\"><\/div>\n\t\t\t\t\t\t\t<\/div>\n\t\t<\/div>\n\t<\/div>\n<\/div>\n<\/div><\/div><div id=\"pgc-1583-6-1\"  class=\"panel-grid-cell\" ><div id=\"panel-1583-6-1-0\" class=\"so-panel widget widget_themegrill_flash_team tg-widget tg-single-team panel-first-child panel-last-child\" data-index=\"11\" ><div class=\"tg-team-widget tg-team-layout-2\">\n\t<div class=\"team-wrapper\">\n\t\t\t\t<div class=\"team-img\">\n\t\t\t\t\t\t<img src=\"https:\/\/ficxa.es\/wp-content\/uploads\/2019\/06\/vallas-08.jpg\" alt=\"Family Cash\"\/>\n\t\t<\/div>\n\t\t\t\t<div class=\"team-content-wrapper\">\n\t\t\t<div class=\"team-desc-wrapper\">\n\t\t\t\t<h3 class=\"team-title\">Family Cash<\/h3>\n\t\t\t\t<div class=\"team-designation\">Valla se\u00f1alizaci\u00f3n de entrada<\/div>\n\t\t\t\t<div class=\"team-content\"><\/div>\n\t\t\t\t\t\t\t<\/div>\n\t\t<\/div>\n\t<\/div>\n<\/div>\n<\/div><\/div><\/div><\/div>","protected":false},"excerpt":{"rendered":"<p>\u00bfTE ENSE\u00d1AMOS LO QUE PODEMOS HACER CON TU EMPRESA? CONT\u00c1CTANOS Y TE MOSTRAREMOS COMO POTENCIAR TU IMAGEN CORPORATIVA \u00bfTe ayudamos [&hellip;]<\/p>\n","protected":false},"author":1,"featured_media":1477,"parent":0,"menu_order":0,"comment_status":"closed","ping_status":"closed","template":"page-templates\/full-width.php","meta":{"sfsi_plus_gutenberg_text_before_share":"","sfsi_plus_gutenberg_show_text_before_share":"","sfsi_plus_gutenberg_icon_type":"","sfsi_plus_gutenberg_icon_alignemt":"","sfsi_plus_gutenburg_max_per_row":""},"_links":{"self":[{"href":"https:\/\/ficxa.es\/index.php\/wp-json\/wp\/v2\/pages\/1583"}],"collection":[{"href":"https:\/\/ficxa.es\/index.php\/wp-json\/wp\/v2\/pages"}],"about":[{"href":"https:\/\/ficxa.es\/index.php\/wp-json\/wp\/v2\/types\/page"}],"author":[{"embeddable":true,"href":"https:\/\/ficxa.es\/index.php\/wp-json\/wp\/v2\/users\/1"}],"replies":[{"embeddable":true,"href":"https:\/\/ficxa.es\/index.php\/wp-json\/wp\/v2\/comments?post=1583"}],"version-history":[{"count":14,"href":"https:\/\/ficxa.es\/index.php\/wp-json\/wp\/v2\/pages\/1583\/revisions"}],"predecessor-version":[{"id":2882,"href":"https:\/\/ficxa.es\/index.php\/wp-json\/wp\/v2\/pages\/1583\/revisions\/2882"}],"wp:featuredmedia":[{"embeddable":true,"href":"https:\/\/ficxa.es\/index.php\/wp-json\/wp\/v2\/media\/1477"}],"wp:attachment":[{"href":"https:\/\/ficxa.es\/index.php\/wp-json\/wp\/v2\/media?parent=1583"}],"curies":[{"name":"wp","href":"https:\/\/api.w.org\/{rel}","templated":true}]}}