{"id":1313,"date":"2019-04-03T11:50:51","date_gmt":"2019-04-03T11:50:51","guid":{"rendered":"http:\/\/ficxa.es\/wordpress\/?page_id=1313"},"modified":"2021-01-28T10:48:14","modified_gmt":"2021-01-28T10:48:14","slug":"monopostes","status":"publish","type":"page","link":"https:\/\/ficxa.es\/index.php\/monopostes\/","title":{"rendered":"MONOPOSTES"},"content":{"rendered":"<div id=\"pl-1313\"  class=\"panel-layout\" ><div id=\"pg-1313-0\"  class=\"panel-grid panel-has-style\" ><div class=\"so-parallax siteorigin-panels-stretch panel-row-style panel-row-style-for-1313-0\" data-stretch-type=\"full\" ><img width=\"1920\" height=\"600\" src=\"https:\/\/ficxa.es\/wp-content\/uploads\/2019\/05\/Fondo-ficxa-b.jpg\" class=\"attachment-full size-full\" alt=\"\" loading=\"eager\" data-siteorigin-parallax=\"true\" srcset=\"https:\/\/ficxa.es\/wp-content\/uploads\/2019\/05\/Fondo-ficxa-b.jpg 1920w, https:\/\/ficxa.es\/wp-content\/uploads\/2019\/05\/Fondo-ficxa-b-300x94.jpg 300w, https:\/\/ficxa.es\/wp-content\/uploads\/2019\/05\/Fondo-ficxa-b-768x240.jpg 768w, https:\/\/ficxa.es\/wp-content\/uploads\/2019\/05\/Fondo-ficxa-b-1024x320.jpg 1024w\" sizes=\"(max-width: 1920px) 100vw, 1920px\" \/><div id=\"pgc-1313-0-0\"  class=\"panel-grid-cell\" ><div id=\"panel-1313-0-0-0\" class=\"so-panel widget widget_themegrill_flash_cta tg-widget call-to-action-section panel-first-child panel-last-child\" data-index=\"0\" ><div class=\"panel-widget-style panel-widget-style-for-1313-0-0-0\" ><div class=\"cta-wrapper call-to-action-section-layout-1\">\n\t<div class=\"section-title-wrapper\">\n\t\t\t\t<h3 class=\"section-title\">\u00bfTE ENSE\u00d1AMOS LO QUE PODEMOS HACER CON TU EMPRESA?<\/h3>\n\t\t\t\t<h4 class=\"section-subtitle\">CONT\u00c1CTANOS Y TE MOSTRAREMOS COMO POTENCIAR TU IMAGEN CORPORATIVA<\/h4>\n\t\t\t<\/div>\n\t\t<div class=\"btn-wrapper\">\n\t\t\t\t<a class=\"btn\" href=\"mailto:ficxa@ficxa.es\">\u00bfTe ayudamos en algo? Cont\u00e1ctanos.<\/a>\n\t\t\t\t\t<\/div>\n\t<\/div>\n<\/div><\/div><\/div><\/div><\/div><div id=\"pg-1313-1\"  class=\"panel-grid panel-has-style\" ><div id=\"clients\" class=\"panel-row-style panel-row-style-for-1313-1\" ><div id=\"pgc-1313-1-0\"  class=\"panel-grid-cell\" ><div id=\"panel-1313-1-0-0\" class=\"so-panel widget widget_themegrill_flash_heading tg-widget section-title-wrapper panel-first-child panel-last-child\" data-index=\"1\" >\t<h3 class=\"section-title\">Monopostes<\/h3>\n\t<div class=\"section-description\">Los monopostes publicitarios son uno de los m\u00e9todos de publicidad exterior m\u00e1s efectivos en cuanto al n\u00famero de impactos provocados. Recibe ese nombre, ya que se sustenta en un \u00fanico poste coronado por carteles de magnitudes gigantescas que se colocan a una altura adecuada para que puedan verse bien a largas distancias. La magnanimidad de estos medios los hace inevitables a la vista, incrementando su efectividad de forma notable. Fabricamos monopostes de gran variedad en formatos y forma, su instalaci\u00f3n se realiza en cualquier punto de la geograf\u00eda espa\u00f1ola.<\/div>\n<\/div><\/div><\/div><\/div><div id=\"pg-1313-2\"  class=\"panel-grid panel-no-style\" ><div id=\"pgc-1313-2-0\"  class=\"panel-grid-cell\" ><div id=\"panel-1313-2-0-0\" class=\"so-panel widget widget_themegrill_flash_team tg-widget tg-single-team panel-first-child panel-last-child\" data-index=\"2\" ><div class=\"tg-team-widget tg-team-layout-2\">\n\t<div class=\"team-wrapper\">\n\t\t\t\t<div class=\"team-img\">\n\t\t\t\t\t\t<img src=\"https:\/\/ficxa.es\/wp-content\/uploads\/2019\/06\/monoposte-03-aldi.jpg\" alt=\"ALDI\"\/>\n\t\t<\/div>\n\t\t\t\t<div class=\"team-content-wrapper\">\n\t\t\t<div class=\"team-desc-wrapper\">\n\t\t\t\t<h3 class=\"team-title\">ALDI<\/h3>\n\t\t\t\t<div class=\"team-designation\">Monoposte de 25 metros de altura con letras corp\u00f3reas con estructura de aluminio lacado y frontal con lona backlite rotulada y luz led interior.<\/div>\n\t\t\t\t<div class=\"team-content\"><\/div>\n\t\t\t\t\t\t\t<\/div>\n\t\t<\/div>\n\t<\/div>\n<\/div>\n<\/div><\/div><div id=\"pgc-1313-2-1\"  class=\"panel-grid-cell\" ><div id=\"panel-1313-2-1-0\" class=\"so-panel widget widget_themegrill_flash_team tg-widget tg-single-team panel-first-child panel-last-child\" data-index=\"3\" ><div class=\"tg-team-widget tg-team-layout-2\">\n\t<div class=\"team-wrapper\">\n\t\t\t\t<div class=\"team-img\">\n\t\t\t\t\t\t<img src=\"https:\/\/ficxa.es\/wp-content\/uploads\/2019\/06\/monoposte-01.jpg\" alt=\"Santi Cars\"\/>\n\t\t<\/div>\n\t\t\t\t<div class=\"team-content-wrapper\">\n\t\t\t<div class=\"team-desc-wrapper\">\n\t\t\t\t<h3 class=\"team-title\">Santi Cars<\/h3>\n\t\t\t\t<div class=\"team-designation\">Monoposte grandes dimensiones con lona frontlite impresa en alta resoluci\u00f3n.<\/div>\n\t\t\t\t<div class=\"team-content\"><\/div>\n\t\t\t\t\t\t\t<\/div>\n\t\t<\/div>\n\t<\/div>\n<\/div>\n<\/div><\/div><\/div><div id=\"pg-1313-3\"  class=\"panel-grid panel-no-style\" ><div id=\"pgc-1313-3-0\"  class=\"panel-grid-cell\" ><div id=\"panel-1313-3-0-0\" class=\"so-panel widget widget_themegrill_flash_team tg-widget tg-single-team panel-first-child panel-last-child\" data-index=\"4\" ><div class=\"tg-team-widget tg-team-layout-2\">\n\t<div class=\"team-wrapper\">\n\t\t\t\t<div class=\"team-img\">\n\t\t\t\t\t\t<img src=\"https:\/\/ficxa.es\/wp-content\/uploads\/2019\/06\/monoposte-02.jpg\" alt=\"TCI Cutting\"\/>\n\t\t<\/div>\n\t\t\t\t<div class=\"team-content-wrapper\">\n\t\t\t<div class=\"team-desc-wrapper\">\n\t\t\t\t<h3 class=\"team-title\">TCI Cutting<\/h3>\n\t\t\t\t<div class=\"team-designation\">Monoposte grandes dimensiones con letras en relieve e iluminaci\u00f3n led.<\/div>\n\t\t\t\t<div class=\"team-content\"><\/div>\n\t\t\t\t\t\t\t<\/div>\n\t\t<\/div>\n\t<\/div>\n<\/div>\n<\/div><\/div><div id=\"pgc-1313-3-1\"  class=\"panel-grid-cell\" ><div id=\"panel-1313-3-1-0\" class=\"so-panel widget widget_themegrill_flash_team tg-widget tg-single-team panel-first-child panel-last-child\" data-index=\"5\" ><div class=\"tg-team-widget tg-team-layout-2\">\n\t<div class=\"team-wrapper\">\n\t\t\t\t<div class=\"team-img\">\n\t\t\t\t\t\t<img src=\"https:\/\/ficxa.es\/wp-content\/uploads\/2019\/06\/monoposte-09.jpg\" alt=\"Parque Comercial\"\/>\n\t\t<\/div>\n\t\t\t\t<div class=\"team-content-wrapper\">\n\t\t\t<div class=\"team-desc-wrapper\">\n\t\t\t\t<h3 class=\"team-title\">Parque Comercial<\/h3>\n\t\t\t\t<div class=\"team-designation\">Monoposte grandes dimensiones con lona frontlite impresa en alta resoluci\u00f3n.<\/div>\n\t\t\t\t<div class=\"team-content\"><\/div>\n\t\t\t\t\t\t\t<\/div>\n\t\t<\/div>\n\t<\/div>\n<\/div>\n<\/div><\/div><\/div><div id=\"pg-1313-4\"  class=\"panel-grid panel-no-style\" ><div id=\"pgc-1313-4-0\"  class=\"panel-grid-cell\" ><div id=\"panel-1313-4-0-0\" class=\"so-panel widget widget_themegrill_flash_team tg-widget tg-single-team panel-first-child panel-last-child\" data-index=\"6\" ><div class=\"tg-team-widget tg-team-layout-2\">\n\t<div class=\"team-wrapper\">\n\t\t\t\t<div class=\"team-img\">\n\t\t\t\t\t\t<img src=\"https:\/\/ficxa.es\/wp-content\/uploads\/2019\/06\/monoposte-07.jpg\" alt=\"Parque Comercial\"\/>\n\t\t<\/div>\n\t\t\t\t<div class=\"team-content-wrapper\">\n\t\t\t<div class=\"team-desc-wrapper\">\n\t\t\t\t<h3 class=\"team-title\">Parque Comercial<\/h3>\n\t\t\t\t<div class=\"team-designation\">Monoposte grandes dimensiones con lona frontlite impresa en alta resoluci\u00f3n.<\/div>\n\t\t\t\t<div class=\"team-content\"><\/div>\n\t\t\t\t\t\t\t<\/div>\n\t\t<\/div>\n\t<\/div>\n<\/div>\n<\/div><\/div><div id=\"pgc-1313-4-1\"  class=\"panel-grid-cell\" ><div id=\"panel-1313-4-1-0\" class=\"so-panel widget widget_themegrill_flash_team tg-widget tg-single-team panel-first-child panel-last-child\" data-index=\"7\" ><div class=\"tg-team-widget tg-team-layout-2\">\n\t<div class=\"team-wrapper\">\n\t\t\t\t<div class=\"team-img\">\n\t\t\t\t\t\t<img src=\"https:\/\/ficxa.es\/wp-content\/uploads\/2019\/06\/monoposte-04-aldi.jpg\" alt=\"ALDI\"\/>\n\t\t<\/div>\n\t\t\t\t<div class=\"team-content-wrapper\">\n\t\t\t<div class=\"team-desc-wrapper\">\n\t\t\t\t<h3 class=\"team-title\">ALDI<\/h3>\n\t\t\t\t<div class=\"team-designation\">Monoposte de 25 metros de altura con letras corp\u00f3reas con estructura de aluminio lacado y frontal con lona backlite rotulada y luz led interior.<\/div>\n\t\t\t\t<div class=\"team-content\"><\/div>\n\t\t\t\t\t\t\t<\/div>\n\t\t<\/div>\n\t<\/div>\n<\/div>\n<\/div><\/div><div id=\"pgc-1313-4-2\"  class=\"panel-grid-cell\" ><div id=\"panel-1313-4-2-0\" class=\"so-panel widget widget_themegrill_flash_team tg-widget tg-single-team panel-first-child panel-last-child\" data-index=\"8\" ><div class=\"tg-team-widget tg-team-layout-2\">\n\t<div class=\"team-wrapper\">\n\t\t\t\t<div class=\"team-img\">\n\t\t\t\t\t\t<img src=\"https:\/\/ficxa.es\/wp-content\/uploads\/2019\/06\/monoposte-05.jpg\" alt=\"Auto Selecci\u00f3\"\/>\n\t\t<\/div>\n\t\t\t\t<div class=\"team-content-wrapper\">\n\t\t\t<div class=\"team-desc-wrapper\">\n\t\t\t\t<h3 class=\"team-title\">Auto Selecci\u00f3<\/h3>\n\t\t\t\t<div class=\"team-designation\">Monoposte grandes dimensiones con lona frontlite impresa en alta resoluci\u00f3n.<\/div>\n\t\t\t\t<div class=\"team-content\"><\/div>\n\t\t\t\t\t\t\t<\/div>\n\t\t<\/div>\n\t<\/div>\n<\/div>\n<\/div><\/div><\/div><div id=\"pg-1313-5\"  class=\"panel-grid panel-no-style\" ><div id=\"pgc-1313-5-0\"  class=\"panel-grid-cell\" ><div id=\"panel-1313-5-0-0\" class=\"so-panel widget widget_themegrill_flash_team tg-widget tg-single-team panel-first-child panel-last-child\" data-index=\"9\" ><div class=\"tg-team-widget tg-team-layout-2\">\n\t<div class=\"team-wrapper\">\n\t\t\t\t<div class=\"team-img\">\n\t\t\t\t\t\t<img src=\"https:\/\/ficxa.es\/wp-content\/uploads\/2019\/06\/monoposte-08.jpg\" alt=\"Velarte\"\/>\n\t\t<\/div>\n\t\t\t\t<div class=\"team-content-wrapper\">\n\t\t\t<div class=\"team-desc-wrapper\">\n\t\t\t\t<h3 class=\"team-title\">Velarte<\/h3>\n\t\t\t\t<div class=\"team-designation\">Monoposte grandes dimensiones con forma, impresa en alta resoluci\u00f3n.<\/div>\n\t\t\t\t<div class=\"team-content\"><\/div>\n\t\t\t\t\t\t\t<\/div>\n\t\t<\/div>\n\t<\/div>\n<\/div>\n<\/div><\/div><div id=\"pgc-1313-5-1\"  class=\"panel-grid-cell\" ><div id=\"panel-1313-5-1-0\" class=\"so-panel widget widget_themegrill_flash_team tg-widget tg-single-team panel-first-child panel-last-child\" data-index=\"10\" ><div class=\"tg-team-widget tg-team-layout-2\">\n\t<div class=\"team-wrapper\">\n\t\t\t\t<div class=\"team-img\">\n\t\t\t\t\t\t<img src=\"https:\/\/ficxa.es\/wp-content\/uploads\/2019\/06\/monoposte-06-nautica.jpg\" alt=\"Nautica AZA\"\/>\n\t\t<\/div>\n\t\t\t\t<div class=\"team-content-wrapper\">\n\t\t\t<div class=\"team-desc-wrapper\">\n\t\t\t\t<h3 class=\"team-title\">Nautica AZA<\/h3>\n\t\t\t\t<div class=\"team-designation\">Monoposte con letras de aluminio con frontal de metacrilato con luz interior.<\/div>\n\t\t\t\t<div class=\"team-content\"><\/div>\n\t\t\t\t\t\t\t<\/div>\n\t\t<\/div>\n\t<\/div>\n<\/div>\n<\/div><\/div><div id=\"pgc-1313-5-2\"  class=\"panel-grid-cell\" ><div id=\"panel-1313-5-2-0\" class=\"so-panel widget widget_themegrill_flash_team tg-widget tg-single-team panel-first-child panel-last-child\" data-index=\"11\" ><div class=\"tg-team-widget tg-team-layout-2\">\n\t<div class=\"team-wrapper\">\n\t\t\t\t<div class=\"team-img\">\n\t\t\t\t\t\t<img src=\"https:\/\/ficxa.es\/wp-content\/uploads\/2019\/06\/monoposte-010.jpg\" alt=\"TCI Cutting\"\/>\n\t\t<\/div>\n\t\t\t\t<div class=\"team-content-wrapper\">\n\t\t\t<div class=\"team-desc-wrapper\">\n\t\t\t\t<h3 class=\"team-title\">TCI Cutting<\/h3>\n\t\t\t\t<div class=\"team-designation\">Monoposte grandes dimensiones con letras en relieve e iluminaci\u00f3n led.<\/div>\n\t\t\t\t<div class=\"team-content\"><\/div>\n\t\t\t\t\t\t\t<\/div>\n\t\t<\/div>\n\t<\/div>\n<\/div>\n<\/div><\/div><\/div><\/div>","protected":false},"excerpt":{"rendered":"<p>\u00bfTE ENSE\u00d1AMOS LO QUE PODEMOS HACER CON TU EMPRESA? CONT\u00c1CTANOS Y TE MOSTRAREMOS COMO POTENCIAR TU IMAGEN CORPORATIVA \u00bfTe ayudamos [&hellip;]<\/p>\n","protected":false},"author":1,"featured_media":0,"parent":0,"menu_order":0,"comment_status":"closed","ping_status":"closed","template":"page-templates\/full-width.php","meta":{"sfsi_plus_gutenberg_text_before_share":"","sfsi_plus_gutenberg_show_text_before_share":"","sfsi_plus_gutenberg_icon_type":"","sfsi_plus_gutenberg_icon_alignemt":"","sfsi_plus_gutenburg_max_per_row":""},"_links":{"self":[{"href":"https:\/\/ficxa.es\/index.php\/wp-json\/wp\/v2\/pages\/1313"}],"collection":[{"href":"https:\/\/ficxa.es\/index.php\/wp-json\/wp\/v2\/pages"}],"about":[{"href":"https:\/\/ficxa.es\/index.php\/wp-json\/wp\/v2\/types\/page"}],"author":[{"embeddable":true,"href":"https:\/\/ficxa.es\/index.php\/wp-json\/wp\/v2\/users\/1"}],"replies":[{"embeddable":true,"href":"https:\/\/ficxa.es\/index.php\/wp-json\/wp\/v2\/comments?post=1313"}],"version-history":[{"count":43,"href":"https:\/\/ficxa.es\/index.php\/wp-json\/wp\/v2\/pages\/1313\/revisions"}],"predecessor-version":[{"id":2907,"href":"https:\/\/ficxa.es\/index.php\/wp-json\/wp\/v2\/pages\/1313\/revisions\/2907"}],"wp:attachment":[{"href":"https:\/\/ficxa.es\/index.php\/wp-json\/wp\/v2\/media?parent=1313"}],"curies":[{"name":"wp","href":"https:\/\/api.w.org\/{rel}","templated":true}]}}